{"id":380,"date":"2019-02-18T17:54:41","date_gmt":"2019-02-18T16:54:41","guid":{"rendered":"https:\/\/www.hotelamiral.com\/home\/"},"modified":"2024-04-24T13:41:38","modified_gmt":"2024-04-24T11:41:38","slug":"home","status":"publish","type":"page","link":"https:\/\/www.hotelamiral.com\/es\/","title":{"rendered":"Home"},"content":{"rendered":"<p>[vc_row css_animation=\u00bb\u00bb row_type=\u00bbrow\u00bb use_row_as_full_screen_section=\u00bbno\u00bb type=\u00bbfull_width\u00bb angled_section=\u00bbno\u00bb text_align=\u00bbleft\u00bb background_image_as_pattern=\u00bbwithout_pattern\u00bb padding_top=\u00bb0px\u00bb z_index=\u00bb\u00bb][vc_column][rev_slider_vc alias=\u00bbhome\u00bb][\/vc_column][\/vc_row][vc_row css_animation=\u00bb\u00bb row_type=\u00bbrow\u00bb use_row_as_full_screen_section=\u00bbno\u00bb type=\u00bbgrid\u00bb angled_section=\u00bbno\u00bb text_align=\u00bbleft\u00bb background_image_as_pattern=\u00bbwithout_pattern\u00bb css=\u00bb.vc_custom_1550678300088{margin-top: 55px !important;}\u00bb z_index=\u00bb\u00bb][vc_column width=\u00bb1\/2&#8243;][vc_single_image image=\u00bb15&#8243; img_size=\u00bbfull\u00bb alignment=\u00bbcenter\u00bb qode_css_animation=\u00bb\u00bb][vc_empty_space height=\u00bb19px\u00bb][vc_raw_html]JTNDZGl2JTIwY2xhc3MlM0QlMjJ0aXRyZSUyMiUzRSUzQ2gyJTNFJTNDc3BhbiUzRUJJRU5WRU5JRE8lMjBBTCUyMEhPVEVMJTIwQU1JUkFMJTNDJTJGc3BhbiUzRSUzQyUyRmgyJTNFJTNDJTJGZGl2JTNF[\/vc_raw_html][vc_empty_space height=\u00bb19px\u00bb][vc_column_text]Un <strong>hotel ideal<\/strong> tanto para sus <strong>viajes de negocios<\/strong> como para sus <strong>vacaciones en familia<\/strong>, situado entre la <strong>Torre Eiffel,<\/strong> la <strong>estaci\u00f3n de Montparnasse<\/strong> y el <strong>parque de exposiciones de la Puerta de Versailles<\/strong>.<\/p>\n<p>Hay una conexi\u00f3n <strong>Wi-Fi<\/strong> disponible de forma <strong>gratu\u00edta<\/strong> en todo el establecimiento.<\/p>\n<p>El equipo del Amiral est\u00e1 a su disposici\u00f3n las <strong>24 horas del d\u00eda<\/strong>.<\/p>\n<p>El hotel no dispone a\u00fan de accesibilidad para personas con mobilidad reducida.[\/vc_column_text][\/vc_column][vc_column width=\u00bb1\/2&#8243;][vc_single_image image=\u00bb261&#8243; img_size=\u00bblarge\u00bb qode_css_animation=\u00bb\u00bb el_class=\u00bbbordure-img\u00bb][\/vc_column][\/vc_row][vc_row css_animation=\u00bb\u00bb row_type=\u00bbrow\u00bb use_row_as_full_screen_section=\u00bbno\u00bb type=\u00bbfull_width\u00bb angled_section=\u00bbno\u00bb text_align=\u00bbleft\u00bb background_image_as_pattern=\u00bbwithout_pattern\u00bb css=\u00bb.vc_custom_1551078808090{margin-top: 55px !important;padding-top: 200px !important;padding-bottom: 200px !important;background-image: url(http:\/\/www.hotelamiral.com\/wp-content\/uploads\/2019\/02\/bg-boat.jpg?id=50) !important;}\u00bb z_index=\u00bb\u00bb][vc_column][\/vc_column][\/vc_row][vc_row css_animation=\u00bb\u00bb row_type=\u00bbrow\u00bb use_row_as_full_screen_section=\u00bbno\u00bb type=\u00bbfull_width\u00bb angled_section=\u00bbno\u00bb text_align=\u00bbleft\u00bb background_image_as_pattern=\u00bbwithout_pattern\u00bb css=\u00bb.vc_custom_1550679579297{padding-top: 76px !important;padding-bottom: 48px !important;}\u00bb z_index=\u00bb\u00bb][vc_column][vc_single_image image=\u00bb15&#8243; img_size=\u00bbfull\u00bb alignment=\u00bbcenter\u00bb qode_css_animation=\u00bb\u00bb][vc_empty_space height=\u00bb19px\u00bb][vc_column_text]<\/p>\n<h2 style=\"text-align: center;\">Las habitaciones del hotelAmiral<\/h2>\n<p>[\/vc_column_text][\/vc_column][\/vc_row][vc_row css_animation=\u00bb\u00bb row_type=\u00bbrow\u00bb use_row_as_full_screen_section=\u00bbno\u00bb type=\u00bbgrid\u00bb angled_section=\u00bbno\u00bb text_align=\u00bbleft\u00bb background_image_as_pattern=\u00bbwithout_pattern\u00bb z_index=\u00bb\u00bb][vc_column css_animation=\u00bbslideInUp\u00bb offset=\u00bbvc_col-md-4&#8243; css=\u00bb.vc_custom_1550679696845{padding-right: 10px !important;padding-bottom: 10px !important;padding-left: 10px !important;}\u00bb][qode_elements_holder number_of_columns=\u00bbone_column\u00bb][qode_elements_holder_item item_padding=\u00bb15px\u00bb horizontal_alignment=\u00bbcenter\u00bb advanced_animations=\u00bbno\u00bb custom_class=\u00bbeh-with-shadow\u00bb][vc_raw_html]JTNDZGl2JTIwY2xhc3MlM0QlMjJ0aXRyZSUyMiUzRSUzQ2gyJTNFJTNDc3BhbiUzRUluZGl2aWR1YWwlM0MlMkZzcGFuJTNFJTNDJTJGaDIlM0UlM0MlMkZkaXYlM0U=[\/vc_raw_html][vc_single_image image=\u00bb419&#8243; img_size=\u00bbfull\u00bb alignment=\u00bbcenter\u00bb qode_css_animation=\u00bb\u00bb][vc_empty_space height=\u00bb20px\u00bb][vc_column_text]<\/p>\n<h3>1 persona<\/h3>\n<p>[\/vc_column_text][vc_separator type=\u00bbsmall\u00bb position=\u00bbcenter\u00bb color=\u00bb#c29a44&#8243; width=\u00bb36&#8243; up=\u00bb15&#8243; down=\u00bb20&#8243;][vc_column_text]<a  itemprop=\"url\" href=\"http:\/\/www.hotelamiral.com\/es\/habitaciones-hotel-amiral-paris\/\" target=\"_self\" data-hover-background-color=#ffffff data-hover-border-color=#baa878 data-hover-color=#3e546c class=\"qbutton  small center default\" style=\"color: #ffffff; border-color: #baa878; background-color: #3e546c;\">Descubrir<\/a><\/p>\n<p><a  itemprop=\"url\" href=\"https:\/\/secure-direct-hotel-booking.com\/module_booking_engine\/index.php?id_etab=04c6b8ffccd0ea051c5753f701a02393&amp;langue=espagnol\" target=\"_blank\"  class=\"qbutton  small center default\" style=\"\">RESERVAR<i class=\"qode_icon_font_awesome fa fa-calendar qode_button_icon_element\" style=\"\" ><\/i><\/a>[\/vc_column_text][\/qode_elements_holder_item][\/qode_elements_holder][\/vc_column][vc_column css_animation=\u00bbslideInUp\u00bb offset=\u00bbvc_col-md-4&#8243; css=\u00bb.vc_custom_1550679712586{padding-right: 10px !important;padding-bottom: 10px !important;padding-left: 10px !important;}\u00bb][qode_elements_holder number_of_columns=\u00bbone_column\u00bb][qode_elements_holder_item item_padding=\u00bb15px\u00bb horizontal_alignment=\u00bbcenter\u00bb advanced_animations=\u00bbno\u00bb custom_class=\u00bbeh-with-shadow\u00bb][vc_raw_html]JTNDZGl2JTIwY2xhc3MlM0QlMjJ0aXRyZSUyMiUzRSUzQ2gyJTNFJTNDc3BhbiUzRURvYmxlJTNDJTJGc3BhbiUzRSUzQyUyRmgyJTNFJTNDJTJGZGl2JTNF[\/vc_raw_html][vc_single_image image=\u00bb432&#8243; img_size=\u00bbfull\u00bb alignment=\u00bbcenter\u00bb qode_css_animation=\u00bb\u00bb][vc_empty_space height=\u00bb20px\u00bb][vc_column_text]<\/p>\n<h3>2 personas<\/h3>\n<p>[\/vc_column_text][vc_separator type=\u00bbsmall\u00bb position=\u00bbcenter\u00bb color=\u00bb#c29a44&#8243; width=\u00bb36&#8243; up=\u00bb15&#8243; down=\u00bb20&#8243;][vc_column_text]<a  itemprop=\"url\" href=\"http:\/\/www.hotelamiral.com\/es\/habitaciones-hotel-amiral-paris\/\" target=\"_self\" data-hover-background-color=#ffffff data-hover-border-color=#baa878 data-hover-color=#3e546c class=\"qbutton  small center default\" style=\"color: #ffffff; border-color: #baa878; background-color: #3e546c;\">Descubrir<\/a><\/p>\n<p><a  itemprop=\"url\" href=\"https:\/\/secure-direct-hotel-booking.com\/module_booking_engine\/index.php?id_etab=04c6b8ffccd0ea051c5753f701a02393&amp;langue=espagnol\" target=\"_blank\"  class=\"qbutton  small center default\" style=\"\">RESERVAR<i class=\"qode_icon_font_awesome fa fa-calendar qode_button_icon_element\" style=\"\" ><\/i><\/a>[\/vc_column_text][\/qode_elements_holder_item][\/qode_elements_holder][\/vc_column][vc_column css_animation=\u00bbslideInUp\u00bb offset=\u00bbvc_col-md-4&#8243; css=\u00bb.vc_custom_1550679725924{padding-right: 10px !important;padding-bottom: 10px !important;padding-left: 10px !important;}\u00bb][qode_elements_holder number_of_columns=\u00bbone_column\u00bb][qode_elements_holder_item item_padding=\u00bb15px\u00bb horizontal_alignment=\u00bbcenter\u00bb advanced_animations=\u00bbno\u00bb custom_class=\u00bbeh-with-shadow\u00bb][vc_raw_html]JTNDZGl2JTIwY2xhc3MlM0QlMjJ0aXRyZSUyMiUzRSUzQ2gyJTNFJTNDc3BhbiUzRVRyaXBsZSUzQyUyRnNwYW4lM0UlM0MlMkZoMiUzRSUzQyUyRmRpdiUzRQ==[\/vc_raw_html][vc_single_image image=\u00bb451&#8243; img_size=\u00bbfull\u00bb alignment=\u00bbcenter\u00bb qode_css_animation=\u00bb\u00bb][vc_empty_space height=\u00bb20px\u00bb][vc_column_text]<\/p>\n<h3>3 personas<\/h3>\n<p>[\/vc_column_text][vc_separator type=\u00bbsmall\u00bb position=\u00bbcenter\u00bb color=\u00bb#c29a44&#8243; width=\u00bb36&#8243; up=\u00bb15&#8243; down=\u00bb20&#8243;][vc_column_text]<a  itemprop=\"url\" href=\"http:\/\/www.hotelamiral.com\/es\/habitaciones-hotel-amiral-paris\/\" target=\"_self\" data-hover-background-color=#ffffff data-hover-border-color=#baa878 data-hover-color=#3e546c class=\"qbutton  small center default\" style=\"color: #ffffff; border-color: #baa878; background-color: #3e546c;\">Descubrir<\/a><\/p>\n<p><a  itemprop=\"url\" href=\"https:\/\/secure-direct-hotel-booking.com\/module_booking_engine\/index.php?id_etab=04c6b8ffccd0ea051c5753f701a02393&amp;langue=espangol\" target=\"_blank\"  class=\"qbutton  small center default\" style=\"\">RESERVAR<i class=\"qode_icon_font_awesome fa fa-calendar qode_button_icon_element\" style=\"\" ><\/i><\/a>[\/vc_column_text][\/qode_elements_holder_item][\/qode_elements_holder][\/vc_column][\/vc_row][vc_row css_animation=\u00bb\u00bb row_type=\u00bbrow\u00bb use_row_as_full_screen_section=\u00bbno\u00bb type=\u00bbgrid\u00bb angled_section=\u00bbno\u00bb text_align=\u00bbleft\u00bb background_image_as_pattern=\u00bbwithout_pattern\u00bb z_index=\u00bb\u00bb][vc_column css_animation=\u00bbslideInUp\u00bb offset=\u00bbvc_col-md-4&#8243; css=\u00bb.vc_custom_1550679696845{padding-right: 10px !important;padding-bottom: 10px !important;padding-left: 10px !important;}\u00bb][qode_elements_holder number_of_columns=\u00bbone_column\u00bb][qode_elements_holder_item item_padding=\u00bb15px\u00bb horizontal_alignment=\u00bbcenter\u00bb advanced_animations=\u00bbno\u00bb custom_class=\u00bbeh-with-shadow\u00bb][vc_raw_html]JTNDZGl2JTIwY2xhc3MlM0QlMjJ0aXRyZSUyMiUzRSUzQ2gyJTNFJTNDc3BhbiUzRVR3aW4lMjBzdXAlQzMlQTlyaW9yJTJGc3BhbiUzRSUzQyUyRmgyJTNFJTNDJTJGZGl2JTNF[\/vc_raw_html][vc_single_image image=\u00bb466&#8243; img_size=\u00bbfull\u00bb alignment=\u00bbcenter\u00bb qode_css_animation=\u00bb\u00bb][vc_empty_space height=\u00bb20px\u00bb][vc_column_text]<\/p>\n<h3>2 personas<\/h3>\n<p>[\/vc_column_text][vc_separator type=\u00bbsmall\u00bb position=\u00bbcenter\u00bb color=\u00bb#c29a44&#8243; width=\u00bb36&#8243; up=\u00bb15&#8243; down=\u00bb20&#8243;][vc_column_text]<a  itemprop=\"url\" href=\"http:\/\/www.hotelamiral.com\/es\/habitaciones-hotel-amiral-paris\/\" target=\"_self\" data-hover-background-color=#ffffff data-hover-border-color=#baa878 data-hover-color=#3e546c class=\"qbutton  small center default\" style=\"color: #ffffff; border-color: #baa878; background-color: #3e546c;\">Descubrrir<\/a><\/p>\n<p><a  itemprop=\"url\" href=\"https:\/\/secure-direct-hotel-booking.com\/module_booking_engine\/index.php?id_etab=04c6b8ffccd0ea051c5753f701a02393&amp;langue=espagnol\" target=\"_blank\"  class=\"qbutton  small center default\" style=\"\">RESERVAR<i class=\"qode_icon_font_awesome fa fa-calendar qode_button_icon_element\" style=\"\" ><\/i><\/a>[\/vc_column_text][\/qode_elements_holder_item][\/qode_elements_holder][\/vc_column][vc_column css_animation=\u00bbslideInUp\u00bb offset=\u00bbvc_col-md-4&#8243; css=\u00bb.vc_custom_1550679712586{padding-right: 10px !important;padding-bottom: 10px !important;padding-left: 10px !important;}\u00bb][qode_elements_holder number_of_columns=\u00bbone_column\u00bb][qode_elements_holder_item item_padding=\u00bb15px\u00bb horizontal_alignment=\u00bbcenter\u00bb advanced_animations=\u00bbno\u00bb custom_class=\u00bbeh-with-shadow\u00bb][vc_raw_html]JTNDZGl2JTIwY2xhc3MlM0QlMjJ0aXRyZSUyMiUzRSUzQ2gyJTNFJTNDc3BhbiUzRURvYmxlJTIwc3VwJUMzJUE5cmlvciUzQyUyRnNwYW4lM0UlM0MlMkZoMiUzRSUzQyUyRmRpdiUzRQ==[\/vc_raw_html][vc_single_image image=\u00bb504&#8243; img_size=\u00bbfull\u00bb alignment=\u00bbcenter\u00bb qode_css_animation=\u00bb\u00bb][vc_empty_space height=\u00bb20px\u00bb][vc_column_text]<\/p>\n<h3>2 personas<\/h3>\n<p>[\/vc_column_text][vc_separator type=\u00bbsmall\u00bb position=\u00bbcenter\u00bb color=\u00bb#c29a44&#8243; width=\u00bb36&#8243; up=\u00bb15&#8243; down=\u00bb20&#8243;][vc_column_text]<a  itemprop=\"url\" href=\"http:\/\/www.hotelamiral.com\/es\/habitaciones-hotel-amiral-paris\/\" target=\"_self\" data-hover-background-color=#ffffff data-hover-border-color=#baa878 data-hover-color=#3e546c class=\"qbutton  small center default\" style=\"color: #ffffff; border-color: #baa878; background-color: #3e546c;\">Descubrir<\/a><\/p>\n<p><a  itemprop=\"url\" href=\"https:\/\/secure-direct-hotel-booking.com\/module_booking_engine\/index.php?id_etab=04c6b8ffccd0ea051c5753f701a02393&amp;langue=espagnol\" target=\"_blank\"  class=\"qbutton  small center default\" style=\"\">RESERVAR<i class=\"qode_icon_font_awesome fa fa-calendar qode_button_icon_element\" style=\"\" ><\/i><\/a>[\/vc_column_text][\/qode_elements_holder_item][\/qode_elements_holder][\/vc_column][vc_column css_animation=\u00bbslideInUp\u00bb offset=\u00bbvc_col-md-4&#8243; css=\u00bb.vc_custom_1550679725924{padding-right: 10px !important;padding-bottom: 10px !important;padding-left: 10px !important;}\u00bb][\/vc_column][\/vc_row]<\/p>\n","protected":false},"excerpt":{"rendered":"<p>[vc_row css_animation=\u00bb\u00bb row_type=\u00bbrow\u00bb use_row_as_full_screen_section=\u00bbno\u00bb type=\u00bbfull_width\u00bb angled_section=\u00bbno\u00bb text_align=\u00bbleft\u00bb background_image_as_pattern=\u00bbwithout_pattern\u00bb padding_top=\u00bb0px\u00bb z_index=\u00bb\u00bb][vc_column][rev_slider_vc alias=\u00bbhome\u00bb][\/vc_column][\/vc_row][vc_row css_animation=\u00bb\u00bb row_type=\u00bbrow\u00bb use_row_as_full_screen_section=\u00bbno\u00bb type=\u00bbgrid\u00bb angled_section=\u00bbno\u00bb text_align=\u00bbleft\u00bb background_image_as_pattern=\u00bbwithout_pattern\u00bb css=\u00bb.vc_custom_1550678300088{margin-top: 55px !important;}\u00bb z_index=\u00bb\u00bb][vc_column width=\u00bb1\/2&#8243;][vc_single_image image=\u00bb15&#8243; img_size=\u00bbfull\u00bb alignment=\u00bbcenter\u00bb qode_css_animation=\u00bb\u00bb][vc_empty_space height=\u00bb19px\u00bb][vc_raw_html]JTNDZGl2JTIwY2xhc3MlM0QlMjJ0aXRyZSUyMiUzRSUzQ2gyJTNFJTNDc3BhbiUzRUJJRU5WRU5JRE8lMjBBTCUyMEhPVEVMJTIwQU1JUkFMJTNDJTJGc3BhbiUzRSUzQyUyRmgyJTNFJTNDJTJGZGl2JTNF[\/vc_raw_html][vc_empty_space height=\u00bb19px\u00bb][vc_column_text]Un hotel ideal tanto para sus viajes de negocios como para sus vacaciones en familia, situado entre&#8230;<\/p>\n","protected":false},"author":1,"featured_media":0,"parent":0,"menu_order":0,"comment_status":"closed","ping_status":"closed","template":"full_width.php","meta":[],"yoast_head":"<!-- This site is optimized with the Yoast SEO plugin v19.9 - https:\/\/yoast.com\/wordpress\/plugins\/seo\/ -->\n<title>Hotel Amiral 3 estrellas en Par\u00eds 15 - Mejor precio garantizado<\/title>\n<meta name=\"description\" content=\"El H\u00f4tel Amiral en Par\u00eds 15, ubicado entre la Torre Eiffel, la estaci\u00f3n de Montparnasse y el centro de exposiciones Porte de Versailles. Cerca del ayuntamiento del siglo XV\" \/>\n<meta name=\"robots\" content=\"index, follow, max-snippet:-1, max-image-preview:large, max-video-preview:-1\" \/>\n<link rel=\"canonical\" href=\"https:\/\/www.hotelamiral.com\/es\/\" \/>\n<meta property=\"og:locale\" content=\"es_ES\" \/>\n<meta property=\"og:type\" content=\"article\" \/>\n<meta property=\"og:title\" content=\"Hotel Amiral 3 estrellas en Par\u00eds 15 - Mejor precio garantizado\" \/>\n<meta property=\"og:description\" content=\"El H\u00f4tel Amiral en Par\u00eds 15, ubicado entre la Torre Eiffel, la estaci\u00f3n de Montparnasse y el centro de exposiciones Porte de Versailles. Cerca del ayuntamiento del siglo XV\" \/>\n<meta property=\"og:url\" content=\"https:\/\/www.hotelamiral.com\/es\/\" \/>\n<meta property=\"og:site_name\" content=\"H\u00f4tel Amiral\" \/>\n<meta property=\"article:modified_time\" content=\"2024-04-24T11:41:38+00:00\" \/>\n<meta name=\"twitter:card\" content=\"summary_large_image\" \/>\n<meta name=\"twitter:label1\" content=\"Tiempo de lectura\" \/>\n\t<meta name=\"twitter:data1\" content=\"3 minutos\" \/>\n<script type=\"application\/ld+json\" class=\"yoast-schema-graph\">{\"@context\":\"https:\/\/schema.org\",\"@graph\":[{\"@type\":\"WebPage\",\"@id\":\"https:\/\/www.hotelamiral.com\/es\/\",\"url\":\"https:\/\/www.hotelamiral.com\/es\/\",\"name\":\"Hotel Amiral 3 estrellas en Par\u00eds 15 - Mejor precio garantizado\",\"isPartOf\":{\"@id\":\"https:\/\/www.hotelamiral.com\/#website\"},\"datePublished\":\"2019-02-18T16:54:41+00:00\",\"dateModified\":\"2024-04-24T11:41:38+00:00\",\"description\":\"El H\u00f4tel Amiral en Par\u00eds 15, ubicado entre la Torre Eiffel, la estaci\u00f3n de Montparnasse y el centro de exposiciones Porte de Versailles. Cerca del ayuntamiento del siglo XV\",\"breadcrumb\":{\"@id\":\"https:\/\/www.hotelamiral.com\/es\/#breadcrumb\"},\"inLanguage\":\"es\",\"potentialAction\":[{\"@type\":\"ReadAction\",\"target\":[\"https:\/\/www.hotelamiral.com\/es\/\"]}]},{\"@type\":\"BreadcrumbList\",\"@id\":\"https:\/\/www.hotelamiral.com\/es\/#breadcrumb\",\"itemListElement\":[{\"@type\":\"ListItem\",\"position\":1,\"name\":\"Accueil\",\"item\":\"https:\/\/www.hotelamiral.com\/es\/\"},{\"@type\":\"ListItem\",\"position\":2,\"name\":\"Home\"}]},{\"@type\":\"WebSite\",\"@id\":\"https:\/\/www.hotelamiral.com\/#website\",\"url\":\"https:\/\/www.hotelamiral.com\/\",\"name\":\"H\u00f4tel Amiral\",\"description\":\"H\u00f4tel 3 \u00e9toiles entre la Tour Eiffel et la Gare Montparnasse\",\"potentialAction\":[{\"@type\":\"SearchAction\",\"target\":{\"@type\":\"EntryPoint\",\"urlTemplate\":\"https:\/\/www.hotelamiral.com\/?s={search_term_string}\"},\"query-input\":\"required name=search_term_string\"}],\"inLanguage\":\"es\"}]}<\/script>\n<!-- \/ Yoast SEO plugin. -->","yoast_head_json":{"title":"Hotel Amiral 3 estrellas en Par\u00eds 15 - Mejor precio garantizado","description":"El H\u00f4tel Amiral en Par\u00eds 15, ubicado entre la Torre Eiffel, la estaci\u00f3n de Montparnasse y el centro de exposiciones Porte de Versailles. Cerca del ayuntamiento del siglo XV","robots":{"index":"index","follow":"follow","max-snippet":"max-snippet:-1","max-image-preview":"max-image-preview:large","max-video-preview":"max-video-preview:-1"},"canonical":"https:\/\/www.hotelamiral.com\/es\/","og_locale":"es_ES","og_type":"article","og_title":"Hotel Amiral 3 estrellas en Par\u00eds 15 - Mejor precio garantizado","og_description":"El H\u00f4tel Amiral en Par\u00eds 15, ubicado entre la Torre Eiffel, la estaci\u00f3n de Montparnasse y el centro de exposiciones Porte de Versailles. Cerca del ayuntamiento del siglo XV","og_url":"https:\/\/www.hotelamiral.com\/es\/","og_site_name":"H\u00f4tel Amiral","article_modified_time":"2024-04-24T11:41:38+00:00","twitter_card":"summary_large_image","twitter_misc":{"Tiempo de lectura":"3 minutos"},"schema":{"@context":"https:\/\/schema.org","@graph":[{"@type":"WebPage","@id":"https:\/\/www.hotelamiral.com\/es\/","url":"https:\/\/www.hotelamiral.com\/es\/","name":"Hotel Amiral 3 estrellas en Par\u00eds 15 - Mejor precio garantizado","isPartOf":{"@id":"https:\/\/www.hotelamiral.com\/#website"},"datePublished":"2019-02-18T16:54:41+00:00","dateModified":"2024-04-24T11:41:38+00:00","description":"El H\u00f4tel Amiral en Par\u00eds 15, ubicado entre la Torre Eiffel, la estaci\u00f3n de Montparnasse y el centro de exposiciones Porte de Versailles. Cerca del ayuntamiento del siglo XV","breadcrumb":{"@id":"https:\/\/www.hotelamiral.com\/es\/#breadcrumb"},"inLanguage":"es","potentialAction":[{"@type":"ReadAction","target":["https:\/\/www.hotelamiral.com\/es\/"]}]},{"@type":"BreadcrumbList","@id":"https:\/\/www.hotelamiral.com\/es\/#breadcrumb","itemListElement":[{"@type":"ListItem","position":1,"name":"Accueil","item":"https:\/\/www.hotelamiral.com\/es\/"},{"@type":"ListItem","position":2,"name":"Home"}]},{"@type":"WebSite","@id":"https:\/\/www.hotelamiral.com\/#website","url":"https:\/\/www.hotelamiral.com\/","name":"H\u00f4tel Amiral","description":"H\u00f4tel 3 \u00e9toiles entre la Tour Eiffel et la Gare Montparnasse","potentialAction":[{"@type":"SearchAction","target":{"@type":"EntryPoint","urlTemplate":"https:\/\/www.hotelamiral.com\/?s={search_term_string}"},"query-input":"required name=search_term_string"}],"inLanguage":"es"}]}},"_links":{"self":[{"href":"https:\/\/www.hotelamiral.com\/es\/wp-json\/wp\/v2\/pages\/380"}],"collection":[{"href":"https:\/\/www.hotelamiral.com\/es\/wp-json\/wp\/v2\/pages"}],"about":[{"href":"https:\/\/www.hotelamiral.com\/es\/wp-json\/wp\/v2\/types\/page"}],"author":[{"embeddable":true,"href":"https:\/\/www.hotelamiral.com\/es\/wp-json\/wp\/v2\/users\/1"}],"replies":[{"embeddable":true,"href":"https:\/\/www.hotelamiral.com\/es\/wp-json\/wp\/v2\/comments?post=380"}],"version-history":[{"count":5,"href":"https:\/\/www.hotelamiral.com\/es\/wp-json\/wp\/v2\/pages\/380\/revisions"}],"predecessor-version":[{"id":528,"href":"https:\/\/www.hotelamiral.com\/es\/wp-json\/wp\/v2\/pages\/380\/revisions\/528"}],"wp:attachment":[{"href":"https:\/\/www.hotelamiral.com\/es\/wp-json\/wp\/v2\/media?parent=380"}],"curies":[{"name":"wp","href":"https:\/\/api.w.org\/{rel}","templated":true}]}}