{"id":379,"date":"2019-02-21T10:40:55","date_gmt":"2019-02-21T09:40:55","guid":{"rendered":"https:\/\/www.hotelamiral.com\/galerie-photos-hotel-amiral-paris-15\/"},"modified":"2022-10-28T17:16:18","modified_gmt":"2022-10-28T15:16:18","slug":"galeria-photos-hotel-amiral-paris-15","status":"publish","type":"page","link":"https:\/\/www.hotelamiral.com\/es\/galeria-photos-hotel-amiral-paris-15\/","title":{"rendered":"Galerie"},"content":{"rendered":"<p>[vc_row css_animation=\u00bb\u00bb row_type=\u00bbrow\u00bb use_row_as_full_screen_section=\u00bbno\u00bb type=\u00bbfull_width\u00bb angled_section=\u00bbno\u00bb text_align=\u00bbleft\u00bb background_image_as_pattern=\u00bbwithout_pattern\u00bb css=\u00bb.vc_custom_1550741787151{margin-top: 80px !important;}\u00bb z_index=\u00bb\u00bb][vc_column][vc_gallery type=\u00bbimage_grid\u00bb images=\u00bb266,268,104,106,108,110,112,114,116,118,120,122,124,126,128,130,132,134,136,138,140,142,144,146,148&#8243; img_size=\u00bb600&#215;600&#8243; column_number=\u00bb4&#8243; grayscale=\u00bbno\u00bb images_space=\u00bbgallery_without_space\u00bb][\/vc_column][\/vc_row]<\/p>\n","protected":false},"excerpt":{"rendered":"<p>[vc_row css_animation=\u00bb\u00bb row_type=\u00bbrow\u00bb use_row_as_full_screen_section=\u00bbno\u00bb type=\u00bbfull_width\u00bb angled_section=\u00bbno\u00bb text_align=\u00bbleft\u00bb background_image_as_pattern=\u00bbwithout_pattern\u00bb css=\u00bb.vc_custom_1550741787151{margin-top: 80px !important;}\u00bb z_index=\u00bb\u00bb][vc_column][vc_gallery type=\u00bbimage_grid\u00bb images=\u00bb266,268,104,106,108,110,112,114,116,118,120,122,124,126,128,130,132,134,136,138,140,142,144,146,148&#8243; img_size=\u00bb600&#215;600&#8243; column_number=\u00bb4&#8243; grayscale=\u00bbno\u00bb images_space=\u00bbgallery_without_space\u00bb][\/vc_column][\/vc_row]<\/p>\n","protected":false},"author":1,"featured_media":0,"parent":0,"menu_order":0,"comment_status":"closed","ping_status":"closed","template":"full_width.php","meta":[],"yoast_head":"<!-- This site is optimized with the Yoast SEO plugin v19.9 - https:\/\/yoast.com\/wordpress\/plugins\/seo\/ -->\n<title>Galer\u00eda de fotos del Hotel Amiral - Hotel 3 estrellas en Par\u00eds 15<\/title>\n<meta name=\"description\" content=\"Galer\u00eda de fotos del H\u00f4tel Amiral, ideal para sus viajes de negocios y vacaciones familiares, ubicado entre la Torre Eiffel y la estaci\u00f3n de tren de Montparnasse.\" \/>\n<meta name=\"robots\" content=\"index, follow, max-snippet:-1, max-image-preview:large, max-video-preview:-1\" \/>\n<link rel=\"canonical\" href=\"https:\/\/www.hotelamiral.com\/es\/galeria-photos-hotel-amiral-paris-15\/\" \/>\n<meta property=\"og:locale\" content=\"es_ES\" \/>\n<meta property=\"og:type\" content=\"article\" \/>\n<meta property=\"og:title\" content=\"Galer\u00eda de fotos del Hotel Amiral - Hotel 3 estrellas en Par\u00eds 15\" \/>\n<meta property=\"og:description\" content=\"Galer\u00eda de fotos del H\u00f4tel Amiral, ideal para sus viajes de negocios y vacaciones familiares, ubicado entre la Torre Eiffel y la estaci\u00f3n de tren de Montparnasse.\" \/>\n<meta property=\"og:url\" content=\"https:\/\/www.hotelamiral.com\/es\/galeria-photos-hotel-amiral-paris-15\/\" \/>\n<meta property=\"og:site_name\" content=\"H\u00f4tel Amiral\" \/>\n<meta property=\"article:modified_time\" content=\"2022-10-28T15:16:18+00:00\" \/>\n<meta name=\"twitter:card\" content=\"summary_large_image\" \/>\n<meta name=\"twitter:label1\" content=\"Tiempo de lectura\" \/>\n\t<meta name=\"twitter:data1\" content=\"1 minuto\" \/>\n<script type=\"application\/ld+json\" class=\"yoast-schema-graph\">{\"@context\":\"https:\/\/schema.org\",\"@graph\":[{\"@type\":\"WebPage\",\"@id\":\"https:\/\/www.hotelamiral.com\/es\/galeria-photos-hotel-amiral-paris-15\/\",\"url\":\"https:\/\/www.hotelamiral.com\/es\/galeria-photos-hotel-amiral-paris-15\/\",\"name\":\"Galer\u00eda de fotos del Hotel Amiral - Hotel 3 estrellas en Par\u00eds 15\",\"isPartOf\":{\"@id\":\"https:\/\/www.hotelamiral.com\/#website\"},\"datePublished\":\"2019-02-21T09:40:55+00:00\",\"dateModified\":\"2022-10-28T15:16:18+00:00\",\"description\":\"Galer\u00eda de fotos del H\u00f4tel Amiral, ideal para sus viajes de negocios y vacaciones familiares, ubicado entre la Torre Eiffel y la estaci\u00f3n de tren de Montparnasse.\",\"breadcrumb\":{\"@id\":\"https:\/\/www.hotelamiral.com\/es\/galeria-photos-hotel-amiral-paris-15\/#breadcrumb\"},\"inLanguage\":\"es\",\"potentialAction\":[{\"@type\":\"ReadAction\",\"target\":[\"https:\/\/www.hotelamiral.com\/es\/galeria-photos-hotel-amiral-paris-15\/\"]}]},{\"@type\":\"BreadcrumbList\",\"@id\":\"https:\/\/www.hotelamiral.com\/es\/galeria-photos-hotel-amiral-paris-15\/#breadcrumb\",\"itemListElement\":[{\"@type\":\"ListItem\",\"position\":1,\"name\":\"Accueil\",\"item\":\"https:\/\/www.hotelamiral.com\/es\/\"},{\"@type\":\"ListItem\",\"position\":2,\"name\":\"Galerie\"}]},{\"@type\":\"WebSite\",\"@id\":\"https:\/\/www.hotelamiral.com\/#website\",\"url\":\"https:\/\/www.hotelamiral.com\/\",\"name\":\"H\u00f4tel Amiral\",\"description\":\"H\u00f4tel 3 \u00e9toiles entre la Tour Eiffel et la Gare Montparnasse\",\"potentialAction\":[{\"@type\":\"SearchAction\",\"target\":{\"@type\":\"EntryPoint\",\"urlTemplate\":\"https:\/\/www.hotelamiral.com\/?s={search_term_string}\"},\"query-input\":\"required name=search_term_string\"}],\"inLanguage\":\"es\"}]}<\/script>\n<!-- \/ Yoast SEO plugin. -->","yoast_head_json":{"title":"Galer\u00eda de fotos del Hotel Amiral - Hotel 3 estrellas en Par\u00eds 15","description":"Galer\u00eda de fotos del H\u00f4tel Amiral, ideal para sus viajes de negocios y vacaciones familiares, ubicado entre la Torre Eiffel y la estaci\u00f3n de tren de Montparnasse.","robots":{"index":"index","follow":"follow","max-snippet":"max-snippet:-1","max-image-preview":"max-image-preview:large","max-video-preview":"max-video-preview:-1"},"canonical":"https:\/\/www.hotelamiral.com\/es\/galeria-photos-hotel-amiral-paris-15\/","og_locale":"es_ES","og_type":"article","og_title":"Galer\u00eda de fotos del Hotel Amiral - Hotel 3 estrellas en Par\u00eds 15","og_description":"Galer\u00eda de fotos del H\u00f4tel Amiral, ideal para sus viajes de negocios y vacaciones familiares, ubicado entre la Torre Eiffel y la estaci\u00f3n de tren de Montparnasse.","og_url":"https:\/\/www.hotelamiral.com\/es\/galeria-photos-hotel-amiral-paris-15\/","og_site_name":"H\u00f4tel Amiral","article_modified_time":"2022-10-28T15:16:18+00:00","twitter_card":"summary_large_image","twitter_misc":{"Tiempo de lectura":"1 minuto"},"schema":{"@context":"https:\/\/schema.org","@graph":[{"@type":"WebPage","@id":"https:\/\/www.hotelamiral.com\/es\/galeria-photos-hotel-amiral-paris-15\/","url":"https:\/\/www.hotelamiral.com\/es\/galeria-photos-hotel-amiral-paris-15\/","name":"Galer\u00eda de fotos del Hotel Amiral - Hotel 3 estrellas en Par\u00eds 15","isPartOf":{"@id":"https:\/\/www.hotelamiral.com\/#website"},"datePublished":"2019-02-21T09:40:55+00:00","dateModified":"2022-10-28T15:16:18+00:00","description":"Galer\u00eda de fotos del H\u00f4tel Amiral, ideal para sus viajes de negocios y vacaciones familiares, ubicado entre la Torre Eiffel y la estaci\u00f3n de tren de Montparnasse.","breadcrumb":{"@id":"https:\/\/www.hotelamiral.com\/es\/galeria-photos-hotel-amiral-paris-15\/#breadcrumb"},"inLanguage":"es","potentialAction":[{"@type":"ReadAction","target":["https:\/\/www.hotelamiral.com\/es\/galeria-photos-hotel-amiral-paris-15\/"]}]},{"@type":"BreadcrumbList","@id":"https:\/\/www.hotelamiral.com\/es\/galeria-photos-hotel-amiral-paris-15\/#breadcrumb","itemListElement":[{"@type":"ListItem","position":1,"name":"Accueil","item":"https:\/\/www.hotelamiral.com\/es\/"},{"@type":"ListItem","position":2,"name":"Galerie"}]},{"@type":"WebSite","@id":"https:\/\/www.hotelamiral.com\/#website","url":"https:\/\/www.hotelamiral.com\/","name":"H\u00f4tel Amiral","description":"H\u00f4tel 3 \u00e9toiles entre la Tour Eiffel et la Gare Montparnasse","potentialAction":[{"@type":"SearchAction","target":{"@type":"EntryPoint","urlTemplate":"https:\/\/www.hotelamiral.com\/?s={search_term_string}"},"query-input":"required name=search_term_string"}],"inLanguage":"es"}]}},"_links":{"self":[{"href":"https:\/\/www.hotelamiral.com\/es\/wp-json\/wp\/v2\/pages\/379"}],"collection":[{"href":"https:\/\/www.hotelamiral.com\/es\/wp-json\/wp\/v2\/pages"}],"about":[{"href":"https:\/\/www.hotelamiral.com\/es\/wp-json\/wp\/v2\/types\/page"}],"author":[{"embeddable":true,"href":"https:\/\/www.hotelamiral.com\/es\/wp-json\/wp\/v2\/users\/1"}],"replies":[{"embeddable":true,"href":"https:\/\/www.hotelamiral.com\/es\/wp-json\/wp\/v2\/comments?post=379"}],"version-history":[{"count":1,"href":"https:\/\/www.hotelamiral.com\/es\/wp-json\/wp\/v2\/pages\/379\/revisions"}],"predecessor-version":[{"id":401,"href":"https:\/\/www.hotelamiral.com\/es\/wp-json\/wp\/v2\/pages\/379\/revisions\/401"}],"wp:attachment":[{"href":"https:\/\/www.hotelamiral.com\/es\/wp-json\/wp\/v2\/media?parent=379"}],"curies":[{"name":"wp","href":"https:\/\/api.w.org\/{rel}","templated":true}]}}