{"id":378,"date":"2019-02-21T10:44:00","date_gmt":"2019-02-21T09:44:00","guid":{"rendered":"https:\/\/www.hotelamiral.com\/contact-hotel-amiral-paris-15\/"},"modified":"2022-10-28T17:17:59","modified_gmt":"2022-10-28T15:17:59","slug":"contactar-hotel-amiral-paris-15","status":"publish","type":"page","link":"https:\/\/www.hotelamiral.com\/es\/contactar-hotel-amiral-paris-15\/","title":{"rendered":"Contact"},"content":{"rendered":"<p>[vc_row css_animation=\u00bb\u00bb row_type=\u00bbrow\u00bb use_row_as_full_screen_section=\u00bbno\u00bb type=\u00bbfull_width\u00bb angled_section=\u00bbno\u00bb text_align=\u00bbleft\u00bb background_image_as_pattern=\u00bbwithout_pattern\u00bb css=\u00bb.vc_custom_1550740530781{margin-top: 80px !important;}\u00bb z_index=\u00bb\u00bb][vc_column][vc_raw_html]JTNDaWZyYW1lJTIwc3JjJTNEJTIyaHR0cCUzQSUyRiUyRm1hcHMuZ29vZ2xlLmZyJTJGbWFwcyUzRmYlM0RxJTI2YW1wJTNCc291cmNlJTNEc19xJTI2YW1wJTNCaGwlM0RmciUyNmFtcCUzQmdlb2NvZGUlM0QlMjZhbXAlM0JxJTNEJTJCSCUyNUMzJTI1QjR0ZWwlMkJBbWlyYWwlMkMlMkI5MCUyQnJ1ZSUyQmRlJTJCbCUyN0FtaXJhbCUyQlJvdXNzaW4lMkItJTJCNzUwMTUlMkJQYXJpcyUyNmFtcCUzQmFxJTNEJTI2YW1wJTNCc2xsJTNENDguODQ3NzQ5JTJDMi4yOTM4MDclMjZhbXAlM0Jzc3BuJTNEMC4wMTE5MTglMkMwLjAyNzg3NCUyNmFtcCUzQmllJTNEVVRGOCUyNmFtcCUzQmhxJTNESCUyNUMzJTI1QjR0ZWwlMkJBbWlyYWwlMkMlMjZhbXAlM0JobmVhciUzRDkwJTJCUnVlJTJCZGUlMkJsJTI3QW1pcmFsJTJCUm91c3NpbiUyQyUyQjc1MDE1JTJCUGFyaXMlMkMlMkIlMjVDMyUyNThFbGUtZGUtRnJhbmNlJTI2YW1wJTNCdCUzRG0lMjZhbXAlM0JjaWQlM0QxODM2MDg2NjkyNjk0NjgwNzYwNCUyNmFtcCUzQmxsJTNENDguODQ4ODQ2JTJDMi4zMDEwMzUlMjZhbXAlM0JzcG4lM0QwLjAyNTQxNiUyQzAuMDUzMTI5JTI2YW1wJTNCeiUzRDE0JTI2YW1wJTNCaXdsb2MlM0RBJTI2YW1wJTNCb3V0cHV0JTNEZW1iZWQlMjIlMjB3aWR0aCUzRCUyMjEwMCUyNSUyMiUyMGhlaWdodCUzRCUyMjQ1MCUyMiUyMGZyYW1lYm9yZGVyJTNEJTIyMCUyMiUyMG1hcmdpbndpZHRoJTNEJTIyMCUyMiUyMG1hcmdpbmhlaWdodCUzRCUyMjAlMjIlMjBzY3JvbGxpbmclM0QlMjJubyUyMiUzRSUzQyUyRmlmcmFtZSUzRQ==[\/vc_raw_html][\/vc_column][\/vc_row][vc_row css_animation=\u00bb\u00bb row_type=\u00bbrow\u00bb use_row_as_full_screen_section=\u00bbno\u00bb type=\u00bbgrid\u00bb angled_section=\u00bbno\u00bb text_align=\u00bbleft\u00bb background_image_as_pattern=\u00bbwithout_pattern\u00bb css=\u00bb.vc_custom_1550678300088{margin-top: 55px !important;}\u00bb z_index=\u00bb\u00bb][vc_column width=\u00bb1\/2&#8243;][vc_single_image image=\u00bb15&#8243; img_size=\u00bbfull\u00bb alignment=\u00bbcenter\u00bb qode_css_animation=\u00bb\u00bb][vc_empty_space height=\u00bb19px\u00bb][vc_raw_html]JTNDZGl2JTIwY2xhc3MlM0QlMjJ0aXRyZSUyMiUzRSUzQ2gyJTNFJTNDc3BhbiUzRUNPTlRBQ1RBUiUyMEFMJTIwSE9URUwlMjBBTUlSQUwlM0MlMkZzcGFuJTNFJTNDJTJGaDIlM0UlM0MlMkZkaXYlM0U=[\/vc_raw_html][vc_empty_space height=\u00bb19px\u00bb][vc_column_text]<i class=\"fa fa-home\"><\/i>\u00a090 rue de l&#8217;Amiral Roussin<br \/>\n75015 Paris<br \/>\n<i class=\"fa fa-phone\"><\/i>\u00a0<a>+33 1 48 28 53 89\u00a0<\/a><br \/>\n<i class=\"fa fa-envelope\"><\/i>\u00a0<a href=\"mailto:amiral.hotel@wanadoo.fr\">amiral.hotel@wanadoo.fr<\/a>[\/vc_column_text][\/vc_column][vc_column width=\u00bb1\/2&#8243;][vc_single_image image=\u00bb38&#8243; img_size=\u00bbfull\u00bb qode_css_animation=\u00bb\u00bb el_class=\u00bbbordure-img\u00bb][\/vc_column][\/vc_row][vc_row css_animation=\u00bb\u00bb row_type=\u00bbrow\u00bb use_row_as_full_screen_section=\u00bbno\u00bb type=\u00bbfull_width\u00bb angled_section=\u00bbno\u00bb text_align=\u00bbleft\u00bb background_image_as_pattern=\u00bbwithout_pattern\u00bb css=\u00bb.vc_custom_1551079171735{margin-top: 55px !important;padding-top: 200px !important;padding-bottom: 200px !important;background-image: url(http:\/\/www.hotelamiral.com\/wp-content\/uploads\/2019\/02\/paris-beaugrenelle.jpg?id=17) !important;}\u00bb z_index=\u00bb\u00bb][vc_column][\/vc_column][\/vc_row]<\/p>\n","protected":false},"excerpt":{"rendered":"<p>[vc_row css_animation=\u00bb\u00bb row_type=\u00bbrow\u00bb use_row_as_full_screen_section=\u00bbno\u00bb type=\u00bbfull_width\u00bb angled_section=\u00bbno\u00bb text_align=\u00bbleft\u00bb background_image_as_pattern=\u00bbwithout_pattern\u00bb css=\u00bb.vc_custom_1550740530781{margin-top: 80px !important;}\u00bb z_index=\u00bb\u00bb][vc_column][vc_raw_html]JTNDaWZyYW1lJTIwc3JjJTNEJTIyaHR0cCUzQSUyRiUyRm1hcHMuZ29vZ2xlLmZyJTJGbWFwcyUzRmYlM0RxJTI2YW1wJTNCc291cmNlJTNEc19xJTI2YW1wJTNCaGwlM0RmciUyNmFtcCUzQmdlb2NvZGUlM0QlMjZhbXAlM0JxJTNEJTJCSCUyNUMzJTI1QjR0ZWwlMkJBbWlyYWwlMkMlMkI5MCUyQnJ1ZSUyQmRlJTJCbCUyN0FtaXJhbCUyQlJvdXNzaW4lMkItJTJCNzUwMTUlMkJQYXJpcyUyNmFtcCUzQmFxJTNEJTI2YW1wJTNCc2xsJTNENDguODQ3NzQ5JTJDMi4yOTM4MDclMjZhbXAlM0Jzc3BuJTNEMC4wMTE5MTglMkMwLjAyNzg3NCUyNmFtcCUzQmllJTNEVVRGOCUyNmFtcCUzQmhxJTNESCUyNUMzJTI1QjR0ZWwlMkJBbWlyYWwlMkMlMjZhbXAlM0JobmVhciUzRDkwJTJCUnVlJTJCZGUlMkJsJTI3QW1pcmFsJTJCUm91c3NpbiUyQyUyQjc1MDE1JTJCUGFyaXMlMkMlMkIlMjVDMyUyNThFbGUtZGUtRnJhbmNlJTI2YW1wJTNCdCUzRG0lMjZhbXAlM0JjaWQlM0QxODM2MDg2NjkyNjk0NjgwNzYwNCUyNmFtcCUzQmxsJTNENDguODQ4ODQ2JTJDMi4zMDEwMzUlMjZhbXAlM0JzcG4lM0QwLjAyNTQxNiUyQzAuMDUzMTI5JTI2YW1wJTNCeiUzRDE0JTI2YW1wJTNCaXdsb2MlM0RBJTI2YW1wJTNCb3V0cHV0JTNEZW1iZWQlMjIlMjB3aWR0aCUzRCUyMjEwMCUyNSUyMiUyMGhlaWdodCUzRCUyMjQ1MCUyMiUyMGZyYW1lYm9yZGVyJTNEJTIyMCUyMiUyMG1hcmdpbndpZHRoJTNEJTIyMCUyMiUyMG1hcmdpbmhlaWdodCUzRCUyMjAlMjIlMjBzY3JvbGxpbmclM0QlMjJubyUyMiUzRSUzQyUyRmlmcmFtZSUzRQ==[\/vc_raw_html][\/vc_column][\/vc_row][vc_row css_animation=\u00bb\u00bb row_type=\u00bbrow\u00bb use_row_as_full_screen_section=\u00bbno\u00bb type=\u00bbgrid\u00bb angled_section=\u00bbno\u00bb text_align=\u00bbleft\u00bb background_image_as_pattern=\u00bbwithout_pattern\u00bb css=\u00bb.vc_custom_1550678300088{margin-top: 55px !important;}\u00bb z_index=\u00bb\u00bb][vc_column width=\u00bb1\/2&#8243;][vc_single_image image=\u00bb15&#8243; img_size=\u00bbfull\u00bb alignment=\u00bbcenter\u00bb qode_css_animation=\u00bb\u00bb][vc_empty_space height=\u00bb19px\u00bb][vc_raw_html]JTNDZGl2JTIwY2xhc3MlM0QlMjJ0aXRyZSUyMiUzRSUzQ2gyJTNFJTNDc3BhbiUzRUNPTlRBQ1RBUiUyMEFMJTIwSE9URUwlMjBBTUlSQUwlM0MlMkZzcGFuJTNFJTNDJTJGaDIlM0UlM0MlMkZkaXYlM0U=[\/vc_raw_html][vc_empty_space height=\u00bb19px\u00bb][vc_column_text]\u00a090 rue de l&#8217;Amiral Roussin 75015 Paris \u00a0+33 1 48 28 53 89\u00a0 \u00a0amiral.hotel@wanadoo.fr[\/vc_column_text][\/vc_column][vc_column width=\u00bb1\/2&#8243;][vc_single_image image=\u00bb38&#8243;&#8230;<\/p>\n","protected":false},"author":1,"featured_media":0,"parent":0,"menu_order":0,"comment_status":"closed","ping_status":"closed","template":"full_width.php","meta":[],"yoast_head":"<!-- This site is optimized with the Yoast SEO plugin v19.9 - https:\/\/yoast.com\/wordpress\/plugins\/seo\/ -->\n<title>Contacter l&#039;Hotel Amiral - Hotel 3 etoiles a Paris, proche de Montparnasse<\/title>\n<meta name=\"description\" content=\"Contacter l&#039;Amiral Hotel Paris, situ\u00e9 entre la Tour Eiffel, la gare Montparnasse et le parc des expositions de la Porte de Versailles.\" \/>\n<meta name=\"robots\" content=\"index, follow, max-snippet:-1, max-image-preview:large, max-video-preview:-1\" \/>\n<link rel=\"canonical\" href=\"https:\/\/www.hotelamiral.com\/es\/contactar-hotel-amiral-paris-15\/\" \/>\n<meta property=\"og:locale\" content=\"es_ES\" \/>\n<meta property=\"og:type\" content=\"article\" \/>\n<meta property=\"og:title\" content=\"Contacter l&#039;Hotel Amiral - Hotel 3 etoiles a Paris, proche de Montparnasse\" \/>\n<meta property=\"og:description\" content=\"Contacter l&#039;Amiral Hotel Paris, situ\u00e9 entre la Tour Eiffel, la gare Montparnasse et le parc des expositions de la Porte de Versailles.\" \/>\n<meta property=\"og:url\" content=\"https:\/\/www.hotelamiral.com\/es\/contactar-hotel-amiral-paris-15\/\" \/>\n<meta property=\"og:site_name\" content=\"H\u00f4tel Amiral\" \/>\n<meta property=\"article:modified_time\" content=\"2022-10-28T15:17:59+00:00\" \/>\n<meta name=\"twitter:card\" content=\"summary_large_image\" \/>\n<meta name=\"twitter:label1\" content=\"Tiempo de lectura\" \/>\n\t<meta name=\"twitter:data1\" content=\"1 minuto\" \/>\n<script type=\"application\/ld+json\" class=\"yoast-schema-graph\">{\"@context\":\"https:\/\/schema.org\",\"@graph\":[{\"@type\":\"WebPage\",\"@id\":\"https:\/\/www.hotelamiral.com\/es\/contactar-hotel-amiral-paris-15\/\",\"url\":\"https:\/\/www.hotelamiral.com\/es\/contactar-hotel-amiral-paris-15\/\",\"name\":\"Contacter l'Hotel Amiral - Hotel 3 etoiles a Paris, proche de Montparnasse\",\"isPartOf\":{\"@id\":\"https:\/\/www.hotelamiral.com\/#website\"},\"datePublished\":\"2019-02-21T09:44:00+00:00\",\"dateModified\":\"2022-10-28T15:17:59+00:00\",\"description\":\"Contacter l'Amiral Hotel Paris, situ\u00e9 entre la Tour Eiffel, la gare Montparnasse et le parc des expositions de la Porte de Versailles.\",\"breadcrumb\":{\"@id\":\"https:\/\/www.hotelamiral.com\/es\/contactar-hotel-amiral-paris-15\/#breadcrumb\"},\"inLanguage\":\"es\",\"potentialAction\":[{\"@type\":\"ReadAction\",\"target\":[\"https:\/\/www.hotelamiral.com\/es\/contactar-hotel-amiral-paris-15\/\"]}]},{\"@type\":\"BreadcrumbList\",\"@id\":\"https:\/\/www.hotelamiral.com\/es\/contactar-hotel-amiral-paris-15\/#breadcrumb\",\"itemListElement\":[{\"@type\":\"ListItem\",\"position\":1,\"name\":\"Accueil\",\"item\":\"https:\/\/www.hotelamiral.com\/es\/\"},{\"@type\":\"ListItem\",\"position\":2,\"name\":\"Contact\"}]},{\"@type\":\"WebSite\",\"@id\":\"https:\/\/www.hotelamiral.com\/#website\",\"url\":\"https:\/\/www.hotelamiral.com\/\",\"name\":\"H\u00f4tel Amiral\",\"description\":\"H\u00f4tel 3 \u00e9toiles entre la Tour Eiffel et la Gare Montparnasse\",\"potentialAction\":[{\"@type\":\"SearchAction\",\"target\":{\"@type\":\"EntryPoint\",\"urlTemplate\":\"https:\/\/www.hotelamiral.com\/?s={search_term_string}\"},\"query-input\":\"required name=search_term_string\"}],\"inLanguage\":\"es\"}]}<\/script>\n<!-- \/ Yoast SEO plugin. -->","yoast_head_json":{"title":"Contacter l'Hotel Amiral - Hotel 3 etoiles a Paris, proche de Montparnasse","description":"Contacter l'Amiral Hotel Paris, situ\u00e9 entre la Tour Eiffel, la gare Montparnasse et le parc des expositions de la Porte de Versailles.","robots":{"index":"index","follow":"follow","max-snippet":"max-snippet:-1","max-image-preview":"max-image-preview:large","max-video-preview":"max-video-preview:-1"},"canonical":"https:\/\/www.hotelamiral.com\/es\/contactar-hotel-amiral-paris-15\/","og_locale":"es_ES","og_type":"article","og_title":"Contacter l'Hotel Amiral - Hotel 3 etoiles a Paris, proche de Montparnasse","og_description":"Contacter l'Amiral Hotel Paris, situ\u00e9 entre la Tour Eiffel, la gare Montparnasse et le parc des expositions de la Porte de Versailles.","og_url":"https:\/\/www.hotelamiral.com\/es\/contactar-hotel-amiral-paris-15\/","og_site_name":"H\u00f4tel Amiral","article_modified_time":"2022-10-28T15:17:59+00:00","twitter_card":"summary_large_image","twitter_misc":{"Tiempo de lectura":"1 minuto"},"schema":{"@context":"https:\/\/schema.org","@graph":[{"@type":"WebPage","@id":"https:\/\/www.hotelamiral.com\/es\/contactar-hotel-amiral-paris-15\/","url":"https:\/\/www.hotelamiral.com\/es\/contactar-hotel-amiral-paris-15\/","name":"Contacter l'Hotel Amiral - Hotel 3 etoiles a Paris, proche de Montparnasse","isPartOf":{"@id":"https:\/\/www.hotelamiral.com\/#website"},"datePublished":"2019-02-21T09:44:00+00:00","dateModified":"2022-10-28T15:17:59+00:00","description":"Contacter l'Amiral Hotel Paris, situ\u00e9 entre la Tour Eiffel, la gare Montparnasse et le parc des expositions de la Porte de Versailles.","breadcrumb":{"@id":"https:\/\/www.hotelamiral.com\/es\/contactar-hotel-amiral-paris-15\/#breadcrumb"},"inLanguage":"es","potentialAction":[{"@type":"ReadAction","target":["https:\/\/www.hotelamiral.com\/es\/contactar-hotel-amiral-paris-15\/"]}]},{"@type":"BreadcrumbList","@id":"https:\/\/www.hotelamiral.com\/es\/contactar-hotel-amiral-paris-15\/#breadcrumb","itemListElement":[{"@type":"ListItem","position":1,"name":"Accueil","item":"https:\/\/www.hotelamiral.com\/es\/"},{"@type":"ListItem","position":2,"name":"Contact"}]},{"@type":"WebSite","@id":"https:\/\/www.hotelamiral.com\/#website","url":"https:\/\/www.hotelamiral.com\/","name":"H\u00f4tel Amiral","description":"H\u00f4tel 3 \u00e9toiles entre la Tour Eiffel et la Gare Montparnasse","potentialAction":[{"@type":"SearchAction","target":{"@type":"EntryPoint","urlTemplate":"https:\/\/www.hotelamiral.com\/?s={search_term_string}"},"query-input":"required name=search_term_string"}],"inLanguage":"es"}]}},"_links":{"self":[{"href":"https:\/\/www.hotelamiral.com\/es\/wp-json\/wp\/v2\/pages\/378"}],"collection":[{"href":"https:\/\/www.hotelamiral.com\/es\/wp-json\/wp\/v2\/pages"}],"about":[{"href":"https:\/\/www.hotelamiral.com\/es\/wp-json\/wp\/v2\/types\/page"}],"author":[{"embeddable":true,"href":"https:\/\/www.hotelamiral.com\/es\/wp-json\/wp\/v2\/users\/1"}],"replies":[{"embeddable":true,"href":"https:\/\/www.hotelamiral.com\/es\/wp-json\/wp\/v2\/comments?post=378"}],"version-history":[{"count":1,"href":"https:\/\/www.hotelamiral.com\/es\/wp-json\/wp\/v2\/pages\/378\/revisions"}],"predecessor-version":[{"id":402,"href":"https:\/\/www.hotelamiral.com\/es\/wp-json\/wp\/v2\/pages\/378\/revisions\/402"}],"wp:attachment":[{"href":"https:\/\/www.hotelamiral.com\/es\/wp-json\/wp\/v2\/media?parent=378"}],"curies":[{"name":"wp","href":"https:\/\/api.w.org\/{rel}","templated":true}]}}