{"id":377,"date":"2019-02-21T09:15:56","date_gmt":"2019-02-21T08:15:56","guid":{"rendered":"https:\/\/www.hotelamiral.com\/chambres-hotel-amiral-paris\/"},"modified":"2024-04-24T09:50:00","modified_gmt":"2024-04-24T07:50:00","slug":"habitaciones-hotel-amiral-paris","status":"publish","type":"page","link":"https:\/\/www.hotelamiral.com\/es\/habitaciones-hotel-amiral-paris\/","title":{"rendered":"Chambres"},"content":{"rendered":"<p>[vc_row css_animation=\u00bb\u00bb row_type=\u00bbrow\u00bb use_row_as_full_screen_section=\u00bbno\u00bb type=\u00bbgrid\u00bb angled_section=\u00bbno\u00bb text_align=\u00bbleft\u00bb background_image_as_pattern=\u00bbwithout_pattern\u00bb css=\u00bb.vc_custom_1551079018588{margin-top: 80px !important;padding-top: 150px !important;padding-bottom: 150px !important;background-image: url(http:\/\/www.hotelamiral.com\/wp-content\/uploads\/2019\/02\/bg-room.jpg?id=60) !important;}\u00bb z_index=\u00bb\u00bb][vc_column][vc_raw_html]JTNDZGl2JTIwY2xhc3MlM0QlMjJ0aXRyZSUyMiUyMHN0eWxlJTNEJTIydGV4dC1hbGlnbiUzQWNlbnRlciUyMiUzRSUzQ2gyJTNFJTNDc3BhbiUyMHN0eWxlJTNEJTIyY29sb3IlM0ElMjNmZmYlM0IlMjB0ZXh0LXNoYWRvdyUzQSUyMDAlMjA4cHglMjAzMnB4JTIwJTIzMjAyMDIwJTNCJTIyJTNFTlVFU1RSQVMlMjBIQUJJVEFDSU9ORVMlM0MlMkZzcGFuJTNFJTNDJTJGaDIlM0UlM0MlMkZkaXYlM0U=[\/vc_raw_html][\/vc_column][\/vc_row][vc_row css_animation=\u00bb\u00bb row_type=\u00bbrow\u00bb use_row_as_full_screen_section=\u00bbno\u00bb type=\u00bbgrid\u00bb angled_section=\u00bbno\u00bb text_align=\u00bbleft\u00bb background_image_as_pattern=\u00bbwithout_pattern\u00bb css=\u00bb.vc_custom_1550678300088{margin-top: 55px !important;}\u00bb z_index=\u00bb\u00bb][vc_column][vc_single_image image=\u00bb15&#8243; img_size=\u00bbfull\u00bb alignment=\u00bbcenter\u00bb qode_css_animation=\u00bb\u00bb][vc_empty_space height=\u00bb19px\u00bb][vc_column_text]En el coraz\u00f3n del barrio Vaugirard, el Hotel Amiral les propone el comfort de sus 30 habitaciones completamente equipadas con cuarto de ba\u00f1o, aseo y televisi\u00f3n.<\/p>\n<p>Hay una conexi\u00f3n <strong>Wi-Fi<\/strong> disponible de forma <strong>gratu\u00edta<\/strong> en todo el establecimiento.<\/p>\n<p>El hotel no dispone a\u00fan de accesibilidad para personas con mobilidad reducida.[\/vc_column_text][vc_empty_space height=\u00bb20px\u00bb][vc_column_text]<strong>INSTALACIONES Y SERVICIOS EN LA HABITACION<\/strong><\/p>\n<p>Televisi\u00f3n de pantalla plana | tel\u00e9fono | secador de pelo | servicio de despertador | pupitre | aseos | cuarto de ba\u00f1o privado | calefacci\u00f3n | cadenas de canal sat\u00e9lite | ba\u00f1era o ducha | insonorizaci\u00f3n | parquet | tetera el\u00e9ctrica | armario o guardarropa | toallas | ascensor en todos los pisos.[\/vc_column_text][\/vc_column][\/vc_row][vc_row css_animation=\u00bb\u00bb row_type=\u00bbrow\u00bb use_row_as_full_screen_section=\u00bbno\u00bb type=\u00bbfull_width\u00bb angled_section=\u00bbno\u00bb text_align=\u00bbleft\u00bb background_image_as_pattern=\u00bbwithout_pattern\u00bb css=\u00bb.vc_custom_1550738529363{margin-top: 20px !important;}\u00bb z_index=\u00bb\u00bb][vc_column][vc_separator type=\u00bbnormal\u00bb color=\u00bb#6c7c8b\u00bb][\/vc_column][\/vc_row][vc_row css_animation=\u00bb\u00bb row_type=\u00bbrow\u00bb use_row_as_full_screen_section=\u00bbno\u00bb type=\u00bbfull_width\u00bb angled_section=\u00bbno\u00bb text_align=\u00bbleft\u00bb background_image_as_pattern=\u00bbwithout_pattern\u00bb css=\u00bb.vc_custom_1550738607615{margin-top: 30px !important;}\u00bb z_index=\u00bb\u00bb][vc_column width=\u00bb1\/2&#8243; css=\u00bb.vc_custom_1550738586689{padding-top: 20px !important;padding-right: 20px !important;padding-bottom: 20px !important;padding-left: 40px !important;}\u00bb][vc_raw_html]JTNDZGl2JTIwY2xhc3MlM0QlMjJ0aXRyZSUyMiUzRSUzQ2gyJTNFJTNDc3BhbiUzRUhBQklUQUNJT04lMjBJTkRJVklEVUFMJTNDJTJGc3BhbiUzRSUzQyUyRmgyJTNFJTNDJTJGZGl2JTNF[\/vc_raw_html][vc_empty_space height=\u00bb19px\u00bb][vc_column_text]1 persona &#8211; 1 cama doble<\/p>\n<p>Las habitaciones individuales del Hotel Amiral est\u00e1n equipadas de un <strong>cuarto de ba\u00f1o privado<\/strong>, de <strong>insonorizaci\u00f3n<\/strong>, de una <strong>televisi\u00f3n de pantalla plana<\/strong> <strong>con canal sat\u00e9lite<\/strong>, as\u00ed como de una conexi\u00f3n<strong> Wi-Fi gratu\u00edta<\/strong>.[\/vc_column_text][vc_empty_space height=\u00bb19px\u00bb][vc_column_text]<a  itemprop=\"url\" href=\"https:\/\/secure-direct-hotel-booking.com\/module_booking_engine\/index.php?id_etab=04c6b8ffccd0ea051c5753f701a02393&amp;langue=espagnol\" target=\"_blank\"  class=\"qbutton  small center default\" style=\"\">RESERVAR<i class=\"qode_icon_font_awesome fa fa-calendar qode_button_icon_element\" style=\"\" ><\/i><\/a>[\/vc_column_text][\/vc_column][vc_column width=\u00bb1\/2&#8243;][vc_gallery interval=\u00bb5&#8243; images=\u00bb419,422,425,428,26,27,28&#8243; img_size=\u00bbfull\u00bb][\/vc_column][\/vc_row][vc_row css_animation=\u00bb\u00bb row_type=\u00bbrow\u00bb use_row_as_full_screen_section=\u00bbno\u00bb type=\u00bbfull_width\u00bb angled_section=\u00bbno\u00bb text_align=\u00bbleft\u00bb background_image_as_pattern=\u00bbwithout_pattern\u00bb css=\u00bb.vc_custom_1550738529363{margin-top: 20px !important;}\u00bb z_index=\u00bb\u00bb][vc_column][vc_separator type=\u00bbnormal\u00bb color=\u00bb#6c7c8b\u00bb][\/vc_column][\/vc_row][vc_row css_animation=\u00bb\u00bb row_type=\u00bbrow\u00bb use_row_as_full_screen_section=\u00bbno\u00bb type=\u00bbfull_width\u00bb angled_section=\u00bbno\u00bb text_align=\u00bbleft\u00bb background_image_as_pattern=\u00bbwithout_pattern\u00bb css=\u00bb.vc_custom_1550738607615{margin-top: 30px !important;}\u00bb z_index=\u00bb\u00bb][vc_column width=\u00bb1\/2&#8243;][vc_gallery interval=\u00bb5&#8243; images=\u00bb432,435,438,441,21,22,23&#8243; img_size=\u00bbfull\u00bb][\/vc_column][vc_column width=\u00bb1\/2&#8243; css=\u00bb.vc_custom_1550739876388{padding-top: 20px !important;padding-right: 40px !important;padding-bottom: 20px !important;padding-left: 20px !important;}\u00bb][vc_raw_html]JTNDZGl2JTIwY2xhc3MlM0QlMjJ0aXRyZSUyMiUzRSUzQ2gyJTNFJTNDc3BhbiUzRUhBQklUQUNJT04lMjBET0JMRSUzQyUyRnNwYW4lM0UlM0MlMkZoMiUzRSUzQyUyRmRpdiUzRQ==[\/vc_raw_html][vc_empty_space height=\u00bb19px\u00bb][vc_column_text]2 personas &#8211; 1 cama doble 160&#215;200<\/p>\n<p>Las habitaciones dobles del Hotel Amiral est\u00e1n equipadas de un <strong>cuarto de ba\u00f1o privado<\/strong>, de<strong> insonorizaci\u00f3n<\/strong>, de una <strong>televisi\u00f3n de pantalla plana con canal sat\u00e9lite<\/strong>, as\u00ed como de una <strong>conexi\u00f3n Wi-Fi gratu\u00edta<\/strong>.[\/vc_column_text][vc_empty_space height=\u00bb19px\u00bb][vc_column_text]<a  itemprop=\"url\" href=\"https:\/\/secure-direct-hotel-booking.com\/module_booking_engine\/index.php?id_etab=04c6b8ffccd0ea051c5753f701a02393&amp;langue=espagnol\" target=\"_blank\"  class=\"qbutton  small center default\" style=\"\">RESERVAR<i class=\"qode_icon_font_awesome fa fa-calendar qode_button_icon_element\" style=\"\" ><\/i><\/a>[\/vc_column_text][\/vc_column][\/vc_row][vc_row css_animation=\u00bb\u00bb row_type=\u00bbrow\u00bb use_row_as_full_screen_section=\u00bbno\u00bb type=\u00bbfull_width\u00bb angled_section=\u00bbno\u00bb text_align=\u00bbleft\u00bb background_image_as_pattern=\u00bbwithout_pattern\u00bb css=\u00bb.vc_custom_1550738529363{margin-top: 20px !important;}\u00bb z_index=\u00bb\u00bb][vc_column][vc_separator type=\u00bbnormal\u00bb color=\u00bb#6c7c8b\u00bb][\/vc_column][\/vc_row][vc_row css_animation=\u00bb\u00bb row_type=\u00bbrow\u00bb use_row_as_full_screen_section=\u00bbno\u00bb type=\u00bbfull_width\u00bb angled_section=\u00bbno\u00bb text_align=\u00bbleft\u00bb background_image_as_pattern=\u00bbwithout_pattern\u00bb css=\u00bb.vc_custom_1550738607615{margin-top: 30px !important;}\u00bb z_index=\u00bb\u00bb][vc_column width=\u00bb1\/2&#8243; css=\u00bb.vc_custom_1550738586689{padding-top: 20px !important;padding-right: 20px !important;padding-bottom: 20px !important;padding-left: 40px !important;}\u00bb][vc_raw_html]JTNDZGl2JTIwY2xhc3MlM0QlMjJ0aXRyZSUyMiUzRSUzQ2gyJTNFJTNDc3BhbiUzRUhBQklUQUNJT04lMjBUUklQTEUlM0MlMkZzcGFuJTNFJTNDJTJGaDIlM0UlM0MlMkZkaXYlM0U=[\/vc_raw_html][vc_empty_space height=\u00bb19px\u00bb][vc_column_text]3 personas &#8211; 1 cama twin + 1 cama individual<\/p>\n<p>Las habitaciones triples del Hotel Amiral est\u00e1n equipadas de un <strong>cuarto de ba\u00f1o privado<\/strong>, de <strong>insonorizaci\u00f3n<\/strong>, de una <strong>televisi\u00f3n de pantalla plana con canal sat\u00e9lite<\/strong>, as\u00ed como de una <strong>conexi\u00f3n Wi-Fi gratu\u00edta<\/strong>.[\/vc_column_text][vc_empty_space height=\u00bb19px\u00bb][vc_column_text]<a  itemprop=\"url\" href=\"https:\/\/secure-direct-hotel-booking.com\/module_booking_engine\/index.php?id_etab=04c6b8ffccd0ea051c5753f701a02393&amp;langue=espagnol\" target=\"_blank\"  class=\"qbutton  small center default\" style=\"\">RESERVAR<i class=\"qode_icon_font_awesome fa fa-calendar qode_button_icon_element\" style=\"\" ><\/i><\/a>[\/vc_column_text][\/vc_column][vc_column width=\u00bb1\/2&#8243;][vc_gallery interval=\u00bb5&#8243; images=\u00bb445,448,451,454,457,460,463,29&#8243; img_size=\u00bbfull\u00bb][\/vc_column][\/vc_row][vc_row css_animation=\u00bb\u00bb row_type=\u00bbrow\u00bb use_row_as_full_screen_section=\u00bbno\u00bb type=\u00bbfull_width\u00bb angled_section=\u00bbno\u00bb text_align=\u00bbleft\u00bb background_image_as_pattern=\u00bbwithout_pattern\u00bb css=\u00bb.vc_custom_1550738529363{margin-top: 20px !important;}\u00bb z_index=\u00bb\u00bb][vc_column][vc_separator type=\u00bbnormal\u00bb color=\u00bb#6c7c8b\u00bb][\/vc_column][\/vc_row][vc_row css_animation=\u00bb\u00bb row_type=\u00bbrow\u00bb use_row_as_full_screen_section=\u00bbno\u00bb type=\u00bbfull_width\u00bb angled_section=\u00bbno\u00bb text_align=\u00bbleft\u00bb background_image_as_pattern=\u00bbwithout_pattern\u00bb css=\u00bb.vc_custom_1550738607615{margin-top: 30px !important;}\u00bb z_index=\u00bb\u00bb][vc_column width=\u00bb1\/2&#8243;][vc_gallery interval=\u00bb5&#8243; images=\u00bb495,498,501,504,507,510,513,516,32,33,30,31&#8243; img_size=\u00bbfull\u00bb][\/vc_column][vc_column width=\u00bb1\/2&#8243; css=\u00bb.vc_custom_1550739944592{padding-top: 20px !important;padding-right: 40px !important;padding-bottom: 20px !important;padding-left: 20px !important;}\u00bb][vc_raw_html]JTNDZGl2JTIwY2xhc3MlM0QlMjJ0aXRyZSUyMiUzRSUzQ2gyJTNFJTNDc3BhbiUzRUhBQklUQUNJT04lMjBUV0lOJTIwU1VQRVJJT0lSJTNDJTJGc3BhbiUzRSUzQyUyRmgyJTNFJTNDJTJGZGl2JTNF[\/vc_raw_html][vc_empty_space height=\u00bb19px\u00bb][vc_column_text]2 personas &#8211; 2 camas individuales 90&#215;200<\/p>\n<p>Las habitaciones twins del Hotel Amiral est\u00e1n equipadas de un <strong>cuarto de ba\u00f1o privado<\/strong>, de <strong>insonorizaci\u00f3n<\/strong>, de una <strong>televisi\u00f3n de pantalla plana con canal sat\u00e9lite<\/strong>, as\u00ed como de una <strong>conexi\u00f3n Wi-Fi gratu\u00edta<\/strong>.[\/vc_column_text][vc_empty_space height=\u00bb19px\u00bb][vc_column_text]<a  itemprop=\"url\" href=\"https:\/\/secure-direct-hotel-booking.com\/module_booking_engine\/index.php?id_etab=04c6b8ffccd0ea051c5753f701a02393&amp;langue=espagnol\" target=\"_blank\"  class=\"qbutton  small center default\" style=\"\">RESERVAR<i class=\"qode_icon_font_awesome fa fa-calendar qode_button_icon_element\" style=\"\" ><\/i><\/a>[\/vc_column_text][\/vc_column][\/vc_row][vc_row css_animation=\u00bb\u00bb row_type=\u00bbrow\u00bb use_row_as_full_screen_section=\u00bbno\u00bb type=\u00bbfull_width\u00bb angled_section=\u00bbno\u00bb text_align=\u00bbleft\u00bb background_image_as_pattern=\u00bbwithout_pattern\u00bb css=\u00bb.vc_custom_1550738529363{margin-top: 20px !important;}\u00bb z_index=\u00bb\u00bb][vc_column][vc_separator type=\u00bbnormal\u00bb color=\u00bb#6c7c8b\u00bb][\/vc_column][\/vc_row][vc_row css_animation=\u00bb\u00bb row_type=\u00bbrow\u00bb use_row_as_full_screen_section=\u00bbno\u00bb type=\u00bbfull_width\u00bb angled_section=\u00bbno\u00bb text_align=\u00bbleft\u00bb background_image_as_pattern=\u00bbwithout_pattern\u00bb css=\u00bb.vc_custom_1550738607615{margin-top: 30px !important;}\u00bb z_index=\u00bb\u00bb][vc_column width=\u00bb1\/2&#8243; css=\u00bb.vc_custom_1550738586689{padding-top: 20px !important;padding-right: 20px !important;padding-bottom: 20px !important;padding-left: 40px !important;}\u00bb][vc_raw_html]JTNDZGl2JTIwY2xhc3MlM0QlMjJ0aXRyZSUyMiUzRSUzQ2gyJTNFJTNDc3BhbiUzRUhBQklUQUNJT04lMjBET0JMRSUyMFNVUEVSSU9SJTNDJTJGc3BhbiUzRSUzQyUyRmgyJTNFJTNDJTJGZGl2JTNF[\/vc_raw_html][vc_empty_space height=\u00bb19px\u00bb][vc_column_text]2 personas &#8211; 1 cama doble 160&#215;200<\/p>\n<p>Las habitaciones dobles superopres del Hotel Amiral est\u00e1n equipadas de un <strong>cuarto de ba\u00f1o privado<\/strong>, de <strong>insonorizaci\u00f3n<\/strong>, de una <strong>televisi\u00f3n de pantalla plana con canal sat\u00e9lite<\/strong>, as\u00ed como de una <strong>conexi\u00f3n Wi-Fi gratu\u00edta<\/strong>.[\/vc_column_text][vc_empty_space height=\u00bb19px\u00bb][vc_column_text]<a  itemprop=\"url\" href=\"https:\/\/secure-direct-hotel-booking.com\/module_booking_engine\/index.php?id_etab=04c6b8ffccd0ea051c5753f701a02393&amp;langue=espagnol\" target=\"_blank\"  class=\"qbutton  small center default\" style=\"\">RESERVAR<i class=\"qode_icon_font_awesome fa fa-calendar qode_button_icon_element\" style=\"\" ><\/i><\/a>[\/vc_column_text][\/vc_column][vc_column width=\u00bb1\/2&#8243;][vc_gallery interval=\u00bb5&#8243; images=\u00bb466,469,472,475,478,481,484,487,24,25&#8243; img_size=\u00bbfull\u00bb][\/vc_column][\/vc_row]<\/p>\n","protected":false},"excerpt":{"rendered":"<p>[vc_row css_animation=\u00bb\u00bb row_type=\u00bbrow\u00bb use_row_as_full_screen_section=\u00bbno\u00bb type=\u00bbgrid\u00bb angled_section=\u00bbno\u00bb text_align=\u00bbleft\u00bb background_image_as_pattern=\u00bbwithout_pattern\u00bb css=\u00bb.vc_custom_1551079018588{margin-top: 80px !important;padding-top: 150px !important;padding-bottom: 150px !important;background-image: url(http:\/\/www.hotelamiral.com\/wp-content\/uploads\/2019\/02\/bg-room.jpg?id=60) !important;}\u00bb z_index=\u00bb\u00bb][vc_column][vc_raw_html]JTNDZGl2JTIwY2xhc3MlM0QlMjJ0aXRyZSUyMiUyMHN0eWxlJTNEJTIydGV4dC1hbGlnbiUzQWNlbnRlciUyMiUzRSUzQ2gyJTNFJTNDc3BhbiUyMHN0eWxlJTNEJTIyY29sb3IlM0ElMjNmZmYlM0IlMjB0ZXh0LXNoYWRvdyUzQSUyMDAlMjA4cHglMjAzMnB4JTIwJTIzMjAyMDIwJTNCJTIyJTNFTlVFU1RSQVMlMjBIQUJJVEFDSU9ORVMlM0MlMkZzcGFuJTNFJTNDJTJGaDIlM0UlM0MlMkZkaXYlM0U=[\/vc_raw_html][\/vc_column][\/vc_row][vc_row css_animation=\u00bb\u00bb row_type=\u00bbrow\u00bb use_row_as_full_screen_section=\u00bbno\u00bb type=\u00bbgrid\u00bb angled_section=\u00bbno\u00bb text_align=\u00bbleft\u00bb background_image_as_pattern=\u00bbwithout_pattern\u00bb css=\u00bb.vc_custom_1550678300088{margin-top: 55px !important;}\u00bb z_index=\u00bb\u00bb][vc_column][vc_single_image image=\u00bb15&#8243; img_size=\u00bbfull\u00bb alignment=\u00bbcenter\u00bb qode_css_animation=\u00bb\u00bb][vc_empty_space height=\u00bb19px\u00bb][vc_column_text]En el coraz\u00f3n del barrio Vaugirard, el Hotel Amiral les propone el&#8230;<\/p>\n","protected":false},"author":1,"featured_media":0,"parent":0,"menu_order":0,"comment_status":"closed","ping_status":"closed","template":"full_width.php","meta":[],"yoast_head":"<!-- This site is optimized with the Yoast SEO plugin v19.9 - https:\/\/yoast.com\/wordpress\/plugins\/seo\/ -->\n<title>Las habitaciones del Hotel Amiral - Hotel de 3 estrellas en Par\u00eds 15. \u00a1WIFI gratuito!<\/title>\n<meta name=\"description\" content=\"En el coraz\u00f3n del barrio de Vaugirard, el H\u00f4tel Amiral le ofrece la comodidad de sus 30 habitaciones. Un hotel ideal para sus viajes de negocios o familiares.\" \/>\n<meta name=\"robots\" content=\"index, follow, max-snippet:-1, max-image-preview:large, max-video-preview:-1\" \/>\n<link rel=\"canonical\" href=\"https:\/\/www.hotelamiral.com\/es\/habitaciones-hotel-amiral-paris\/\" \/>\n<meta property=\"og:locale\" content=\"es_ES\" \/>\n<meta property=\"og:type\" content=\"article\" \/>\n<meta property=\"og:title\" content=\"Las habitaciones del Hotel Amiral - Hotel de 3 estrellas en Par\u00eds 15. \u00a1WIFI gratuito!\" \/>\n<meta property=\"og:description\" content=\"En el coraz\u00f3n del barrio de Vaugirard, el H\u00f4tel Amiral le ofrece la comodidad de sus 30 habitaciones. Un hotel ideal para sus viajes de negocios o familiares.\" \/>\n<meta property=\"og:url\" content=\"https:\/\/www.hotelamiral.com\/es\/habitaciones-hotel-amiral-paris\/\" \/>\n<meta property=\"og:site_name\" content=\"H\u00f4tel Amiral\" \/>\n<meta property=\"article:modified_time\" content=\"2024-04-24T07:50:00+00:00\" \/>\n<meta name=\"twitter:card\" content=\"summary_large_image\" \/>\n<meta name=\"twitter:label1\" content=\"Tiempo de lectura\" \/>\n\t<meta name=\"twitter:data1\" content=\"4 minutos\" \/>\n<script type=\"application\/ld+json\" class=\"yoast-schema-graph\">{\"@context\":\"https:\/\/schema.org\",\"@graph\":[{\"@type\":\"WebPage\",\"@id\":\"https:\/\/www.hotelamiral.com\/es\/habitaciones-hotel-amiral-paris\/\",\"url\":\"https:\/\/www.hotelamiral.com\/es\/habitaciones-hotel-amiral-paris\/\",\"name\":\"Las habitaciones del Hotel Amiral - Hotel de 3 estrellas en Par\u00eds 15. \u00a1WIFI gratuito!\",\"isPartOf\":{\"@id\":\"https:\/\/www.hotelamiral.com\/#website\"},\"datePublished\":\"2019-02-21T08:15:56+00:00\",\"dateModified\":\"2024-04-24T07:50:00+00:00\",\"description\":\"En el coraz\u00f3n del barrio de Vaugirard, el H\u00f4tel Amiral le ofrece la comodidad de sus 30 habitaciones. Un hotel ideal para sus viajes de negocios o familiares.\",\"breadcrumb\":{\"@id\":\"https:\/\/www.hotelamiral.com\/es\/habitaciones-hotel-amiral-paris\/#breadcrumb\"},\"inLanguage\":\"es\",\"potentialAction\":[{\"@type\":\"ReadAction\",\"target\":[\"https:\/\/www.hotelamiral.com\/es\/habitaciones-hotel-amiral-paris\/\"]}]},{\"@type\":\"BreadcrumbList\",\"@id\":\"https:\/\/www.hotelamiral.com\/es\/habitaciones-hotel-amiral-paris\/#breadcrumb\",\"itemListElement\":[{\"@type\":\"ListItem\",\"position\":1,\"name\":\"Accueil\",\"item\":\"https:\/\/www.hotelamiral.com\/es\/\"},{\"@type\":\"ListItem\",\"position\":2,\"name\":\"Chambres\"}]},{\"@type\":\"WebSite\",\"@id\":\"https:\/\/www.hotelamiral.com\/#website\",\"url\":\"https:\/\/www.hotelamiral.com\/\",\"name\":\"H\u00f4tel Amiral\",\"description\":\"H\u00f4tel 3 \u00e9toiles entre la Tour Eiffel et la Gare Montparnasse\",\"potentialAction\":[{\"@type\":\"SearchAction\",\"target\":{\"@type\":\"EntryPoint\",\"urlTemplate\":\"https:\/\/www.hotelamiral.com\/?s={search_term_string}\"},\"query-input\":\"required name=search_term_string\"}],\"inLanguage\":\"es\"}]}<\/script>\n<!-- \/ Yoast SEO plugin. -->","yoast_head_json":{"title":"Las habitaciones del Hotel Amiral - Hotel de 3 estrellas en Par\u00eds 15. \u00a1WIFI gratuito!","description":"En el coraz\u00f3n del barrio de Vaugirard, el H\u00f4tel Amiral le ofrece la comodidad de sus 30 habitaciones. Un hotel ideal para sus viajes de negocios o familiares.","robots":{"index":"index","follow":"follow","max-snippet":"max-snippet:-1","max-image-preview":"max-image-preview:large","max-video-preview":"max-video-preview:-1"},"canonical":"https:\/\/www.hotelamiral.com\/es\/habitaciones-hotel-amiral-paris\/","og_locale":"es_ES","og_type":"article","og_title":"Las habitaciones del Hotel Amiral - Hotel de 3 estrellas en Par\u00eds 15. \u00a1WIFI gratuito!","og_description":"En el coraz\u00f3n del barrio de Vaugirard, el H\u00f4tel Amiral le ofrece la comodidad de sus 30 habitaciones. Un hotel ideal para sus viajes de negocios o familiares.","og_url":"https:\/\/www.hotelamiral.com\/es\/habitaciones-hotel-amiral-paris\/","og_site_name":"H\u00f4tel Amiral","article_modified_time":"2024-04-24T07:50:00+00:00","twitter_card":"summary_large_image","twitter_misc":{"Tiempo de lectura":"4 minutos"},"schema":{"@context":"https:\/\/schema.org","@graph":[{"@type":"WebPage","@id":"https:\/\/www.hotelamiral.com\/es\/habitaciones-hotel-amiral-paris\/","url":"https:\/\/www.hotelamiral.com\/es\/habitaciones-hotel-amiral-paris\/","name":"Las habitaciones del Hotel Amiral - Hotel de 3 estrellas en Par\u00eds 15. \u00a1WIFI gratuito!","isPartOf":{"@id":"https:\/\/www.hotelamiral.com\/#website"},"datePublished":"2019-02-21T08:15:56+00:00","dateModified":"2024-04-24T07:50:00+00:00","description":"En el coraz\u00f3n del barrio de Vaugirard, el H\u00f4tel Amiral le ofrece la comodidad de sus 30 habitaciones. Un hotel ideal para sus viajes de negocios o familiares.","breadcrumb":{"@id":"https:\/\/www.hotelamiral.com\/es\/habitaciones-hotel-amiral-paris\/#breadcrumb"},"inLanguage":"es","potentialAction":[{"@type":"ReadAction","target":["https:\/\/www.hotelamiral.com\/es\/habitaciones-hotel-amiral-paris\/"]}]},{"@type":"BreadcrumbList","@id":"https:\/\/www.hotelamiral.com\/es\/habitaciones-hotel-amiral-paris\/#breadcrumb","itemListElement":[{"@type":"ListItem","position":1,"name":"Accueil","item":"https:\/\/www.hotelamiral.com\/es\/"},{"@type":"ListItem","position":2,"name":"Chambres"}]},{"@type":"WebSite","@id":"https:\/\/www.hotelamiral.com\/#website","url":"https:\/\/www.hotelamiral.com\/","name":"H\u00f4tel Amiral","description":"H\u00f4tel 3 \u00e9toiles entre la Tour Eiffel et la Gare Montparnasse","potentialAction":[{"@type":"SearchAction","target":{"@type":"EntryPoint","urlTemplate":"https:\/\/www.hotelamiral.com\/?s={search_term_string}"},"query-input":"required name=search_term_string"}],"inLanguage":"es"}]}},"_links":{"self":[{"href":"https:\/\/www.hotelamiral.com\/es\/wp-json\/wp\/v2\/pages\/377"}],"collection":[{"href":"https:\/\/www.hotelamiral.com\/es\/wp-json\/wp\/v2\/pages"}],"about":[{"href":"https:\/\/www.hotelamiral.com\/es\/wp-json\/wp\/v2\/types\/page"}],"author":[{"embeddable":true,"href":"https:\/\/www.hotelamiral.com\/es\/wp-json\/wp\/v2\/users\/1"}],"replies":[{"embeddable":true,"href":"https:\/\/www.hotelamiral.com\/es\/wp-json\/wp\/v2\/comments?post=377"}],"version-history":[{"count":6,"href":"https:\/\/www.hotelamiral.com\/es\/wp-json\/wp\/v2\/pages\/377\/revisions"}],"predecessor-version":[{"id":520,"href":"https:\/\/www.hotelamiral.com\/es\/wp-json\/wp\/v2\/pages\/377\/revisions\/520"}],"wp:attachment":[{"href":"https:\/\/www.hotelamiral.com\/es\/wp-json\/wp\/v2\/media?parent=377"}],"curies":[{"name":"wp","href":"https:\/\/api.w.org\/{rel}","templated":true}]}}