{"id":163,"date":"2019-02-18T17:54:41","date_gmt":"2019-02-18T16:54:41","guid":{"rendered":"http:\/\/hotelamiral.com\/new\/home\/"},"modified":"2024-04-24T13:40:10","modified_gmt":"2024-04-24T11:40:10","slug":"home","status":"publish","type":"page","link":"https:\/\/www.hotelamiral.com\/en\/","title":{"rendered":"Home"},"content":{"rendered":"<p>[vc_row css_animation=&#8221;&#8221; row_type=&#8221;row&#8221; use_row_as_full_screen_section=&#8221;no&#8221; type=&#8221;full_width&#8221; angled_section=&#8221;no&#8221; text_align=&#8221;left&#8221; background_image_as_pattern=&#8221;without_pattern&#8221; padding_top=&#8221;0px&#8221; z_index=&#8221;&#8221;][vc_column][rev_slider_vc alias=&#8221;home&#8221;][\/vc_column][\/vc_row][vc_row css_animation=&#8221;&#8221; row_type=&#8221;row&#8221; use_row_as_full_screen_section=&#8221;no&#8221; type=&#8221;grid&#8221; angled_section=&#8221;no&#8221; text_align=&#8221;left&#8221; background_image_as_pattern=&#8221;without_pattern&#8221; css=&#8221;.vc_custom_1550678300088{margin-top: 55px !important;}&#8221; z_index=&#8221;&#8221;][vc_column width=&#8221;1\/2&#8243;][vc_single_image image=&#8221;15&#8243; img_size=&#8221;full&#8221; alignment=&#8221;center&#8221; qode_css_animation=&#8221;&#8221;][vc_empty_space height=&#8221;19px&#8221;][vc_raw_html]JTNDZGl2JTIwY2xhc3MlM0QlMjJ0aXRyZSUyMiUzRSUzQ2gyJTNFJTNDc3BhbiUzRVdlbGNvbWUlMjB0byUyMHRoZSUyMEFtaXJhbCUyMEhvdGVsJTNDJTJGc3BhbiUzRSUzQyUyRmgyJTNFJTNDJTJGZGl2JTNF[\/vc_raw_html][vc_empty_space height=&#8221;19px&#8221;][vc_column_text]An <strong>ideal hotel<\/strong> for your <strong>business trips<\/strong> and <strong>family holidays<\/strong>, located between the <strong>Eiffel Tower<\/strong>, the <strong>Montparnasse train station<\/strong> and the <strong>Porte de Versailles exhibition center<\/strong>.<\/p>\n<p><strong>Free Wi-Fi<\/strong> is available throughout the hotel.<\/p>\n<p><strong>24\/24<\/strong>, the team of the Hotel Amiral is at your service.<\/p>\n<p>The hotel does not yet have accessibility for people with reduced mobility.[\/vc_column_text][\/vc_column][vc_column width=&#8221;1\/2&#8243;][vc_single_image image=&#8221;262&#8243; img_size=&#8221;large&#8221; qode_css_animation=&#8221;&#8221; el_class=&#8221;bordure-img&#8221;][\/vc_column][\/vc_row][vc_row css_animation=&#8221;&#8221; row_type=&#8221;row&#8221; use_row_as_full_screen_section=&#8221;no&#8221; type=&#8221;full_width&#8221; angled_section=&#8221;no&#8221; text_align=&#8221;left&#8221; background_image_as_pattern=&#8221;without_pattern&#8221; css=&#8221;.vc_custom_1551078928981{margin-top: 55px !important;padding-top: 200px !important;padding-bottom: 200px !important;background-image: url(http:\/\/www.hotelamiral.com\/wp-content\/uploads\/2019\/02\/bg-boat-1.jpg?id=190) !important;}&#8221; z_index=&#8221;&#8221;][vc_column][\/vc_column][\/vc_row][vc_row css_animation=&#8221;&#8221; row_type=&#8221;row&#8221; use_row_as_full_screen_section=&#8221;no&#8221; type=&#8221;full_width&#8221; angled_section=&#8221;no&#8221; text_align=&#8221;left&#8221; background_image_as_pattern=&#8221;without_pattern&#8221; css=&#8221;.vc_custom_1550679579297{padding-top: 76px !important;padding-bottom: 48px !important;}&#8221; z_index=&#8221;&#8221;][vc_column][vc_single_image image=&#8221;15&#8243; img_size=&#8221;full&#8221; alignment=&#8221;center&#8221; qode_css_animation=&#8221;&#8221;][vc_empty_space height=&#8221;19px&#8221;][vc_column_text]<\/p>\n<h2 style=\"text-align: center;\">Rooms of the Amiral Hotel<\/h2>\n<p>[\/vc_column_text][\/vc_column][\/vc_row][vc_row css_animation=&#8221;&#8221; row_type=&#8221;row&#8221; use_row_as_full_screen_section=&#8221;no&#8221; type=&#8221;grid&#8221; angled_section=&#8221;no&#8221; text_align=&#8221;left&#8221; background_image_as_pattern=&#8221;without_pattern&#8221; z_index=&#8221;&#8221;][vc_column css_animation=&#8221;slideInUp&#8221; offset=&#8221;vc_col-md-4&#8243; css=&#8221;.vc_custom_1550679696845{padding-right: 10px !important;padding-bottom: 10px !important;padding-left: 10px !important;}&#8221;][qode_elements_holder number_of_columns=&#8221;one_column&#8221;][qode_elements_holder_item item_padding=&#8221;15px&#8221; horizontal_alignment=&#8221;center&#8221; advanced_animations=&#8221;no&#8221; custom_class=&#8221;eh-with-shadow&#8221;][vc_raw_html]JTNDZGl2JTIwY2xhc3MlM0QlMjJ0aXRyZSUyMiUzRSUzQ2gyJTNFJTNDc3BhbiUzRVNpbmdsZSUzQyUyRnNwYW4lM0UlM0MlMkZoMiUzRSUzQyUyRmRpdiUzRQ==[\/vc_raw_html][vc_single_image image=&#8221;418&#8243; img_size=&#8221;full&#8221; alignment=&#8221;center&#8221; qode_css_animation=&#8221;&#8221;][vc_empty_space height=&#8221;20px&#8221;][vc_column_text]<\/p>\n<h3>1 person<\/h3>\n<p>[\/vc_column_text][vc_separator type=&#8221;small&#8221; position=&#8221;center&#8221; color=&#8221;#c29a44&#8243; width=&#8221;36&#8243; up=&#8221;15&#8243; down=&#8221;20&#8243;][vc_column_text]<a  itemprop=\"url\" href=\"http:\/\/www.hotelamiral.com\/en\/rooms-hotel-amiral-paris\/\" target=\"_self\" data-hover-background-color=#ffffff data-hover-border-color=#baa878 data-hover-color=#3e546c class=\"qbutton  small center default\" style=\"color: #ffffff; border-color: #baa878; background-color: #3e546c;\">MORE INFO<\/a><\/p>\n<p><a  itemprop=\"url\" href=\"https:\/\/secure-direct-hotel-booking.com\/module_booking_engine\/index.php?id_etab=04c6b8ffccd0ea051c5753f701a02393&amp;langue=anglais\" target=\"_blank\"  class=\"qbutton  small center default\" style=\"\">BOOK NOW<i class=\"qode_icon_font_awesome fa fa-calendar qode_button_icon_element\" style=\"\" ><\/i><\/a>[\/vc_column_text][\/qode_elements_holder_item][\/qode_elements_holder][\/vc_column][vc_column css_animation=&#8221;slideInUp&#8221; offset=&#8221;vc_col-md-4&#8243; css=&#8221;.vc_custom_1550679712586{padding-right: 10px !important;padding-bottom: 10px !important;padding-left: 10px !important;}&#8221;][qode_elements_holder number_of_columns=&#8221;one_column&#8221;][qode_elements_holder_item item_padding=&#8221;15px&#8221; horizontal_alignment=&#8221;center&#8221; advanced_animations=&#8221;no&#8221; custom_class=&#8221;eh-with-shadow&#8221;][vc_raw_html]JTNDZGl2JTIwY2xhc3MlM0QlMjJ0aXRyZSUyMiUzRSUzQ2gyJTNFJTNDc3BhbiUzRURvdWJsZSUzQyUyRnNwYW4lM0UlM0MlMkZoMiUzRSUzQyUyRmRpdiUzRQ==[\/vc_raw_html][vc_single_image image=&#8221;431&#8243; img_size=&#8221;full&#8221; alignment=&#8221;center&#8221; qode_css_animation=&#8221;&#8221;][vc_empty_space height=&#8221;20px&#8221;][vc_column_text]<\/p>\n<h3>2 people<\/h3>\n<p>[\/vc_column_text][vc_separator type=&#8221;small&#8221; position=&#8221;center&#8221; color=&#8221;#c29a44&#8243; width=&#8221;36&#8243; up=&#8221;15&#8243; down=&#8221;20&#8243;][vc_column_text]<a  itemprop=\"url\" href=\"http:\/\/www.hotelamiral.com\/en\/rooms-hotel-amiral-paris\/\" target=\"_self\" data-hover-background-color=#ffffff data-hover-border-color=#baa878 data-hover-color=#3e546c class=\"qbutton  small center default\" style=\"color: #ffffff; border-color: #baa878; background-color: #3e546c;\">MORE INFO<\/a><\/p>\n<p><a  itemprop=\"url\" href=\"https:\/\/secure-direct-hotel-booking.com\/module_booking_engine\/index.php?id_etab=04c6b8ffccd0ea051c5753f701a02393&amp;langue=anglais\" target=\"_blank\"  class=\"qbutton  small center default\" style=\"\">BOOK NOW<i class=\"qode_icon_font_awesome fa fa-calendar qode_button_icon_element\" style=\"\" ><\/i><\/a>[\/vc_column_text][\/qode_elements_holder_item][\/qode_elements_holder][\/vc_column][vc_column css_animation=&#8221;slideInUp&#8221; offset=&#8221;vc_col-md-4&#8243; css=&#8221;.vc_custom_1550679725924{padding-right: 10px !important;padding-bottom: 10px !important;padding-left: 10px !important;}&#8221;][qode_elements_holder number_of_columns=&#8221;one_column&#8221;][qode_elements_holder_item item_padding=&#8221;15px&#8221; horizontal_alignment=&#8221;center&#8221; advanced_animations=&#8221;no&#8221; custom_class=&#8221;eh-with-shadow&#8221;][vc_raw_html]JTNDZGl2JTIwY2xhc3MlM0QlMjJ0aXRyZSUyMiUzRSUzQ2gyJTNFJTNDc3BhbiUzRVRyaXBsZSUzQyUyRnNwYW4lM0UlM0MlMkZoMiUzRSUzQyUyRmRpdiUzRQ==[\/vc_raw_html][vc_single_image image=&#8221;450&#8243; img_size=&#8221;full&#8221; alignment=&#8221;center&#8221; qode_css_animation=&#8221;&#8221;][vc_empty_space height=&#8221;20px&#8221;][vc_column_text]<\/p>\n<h3>3 people<\/h3>\n<p>[\/vc_column_text][vc_separator type=&#8221;small&#8221; position=&#8221;center&#8221; color=&#8221;#c29a44&#8243; width=&#8221;36&#8243; up=&#8221;15&#8243; down=&#8221;20&#8243;][vc_column_text]<a  itemprop=\"url\" href=\"http:\/\/www.hotelamiral.com\/en\/rooms-hotel-amiral-paris\/\" target=\"_self\" data-hover-background-color=#ffffff data-hover-border-color=#baa878 data-hover-color=#3e546c class=\"qbutton  small center default\" style=\"color: #ffffff; border-color: #baa878; background-color: #3e546c;\">MORE INFO<\/a><\/p>\n<p><a  itemprop=\"url\" href=\"https:\/\/secure-direct-hotel-booking.com\/module_booking_engine\/index.php?id_etab=04c6b8ffccd0ea051c5753f701a02393&amp;langue=anglais\" target=\"_blank\"  class=\"qbutton  small center default\" style=\"\">BOOK NOW<i class=\"qode_icon_font_awesome fa fa-calendar qode_button_icon_element\" style=\"\" ><\/i><\/a>[\/vc_column_text][\/qode_elements_holder_item][\/qode_elements_holder][\/vc_column][\/vc_row][vc_row css_animation=&#8221;&#8221; row_type=&#8221;row&#8221; use_row_as_full_screen_section=&#8221;no&#8221; type=&#8221;grid&#8221; angled_section=&#8221;no&#8221; text_align=&#8221;left&#8221; background_image_as_pattern=&#8221;without_pattern&#8221; z_index=&#8221;&#8221;][vc_column css_animation=&#8221;slideInUp&#8221; offset=&#8221;vc_col-md-4&#8243; css=&#8221;.vc_custom_1550679696845{padding-right: 10px !important;padding-bottom: 10px !important;padding-left: 10px !important;}&#8221;][qode_elements_holder number_of_columns=&#8221;one_column&#8221;][qode_elements_holder_item item_padding=&#8221;15px&#8221; horizontal_alignment=&#8221;center&#8221; advanced_animations=&#8221;no&#8221; custom_class=&#8221;eh-with-shadow&#8221;][vc_raw_html]JTNDZGl2JTIwY2xhc3MlM0QlMjJ0aXRyZSUyMiUzRSUzQ2gyJTNFJTNDc3BhbiUzRVR3aW4lMjBzdXBlcmlvciUzQyUyRnNwYW4lM0UlM0MlMkZoMiUzRSUzQyUyRmRpdiUzRQ==[\/vc_raw_html][vc_single_image image=&#8221;465&#8243; img_size=&#8221;full&#8221; alignment=&#8221;center&#8221; qode_css_animation=&#8221;&#8221;][vc_empty_space height=&#8221;20px&#8221;][vc_column_text]<\/p>\n<h3>2 people<\/h3>\n<p>[\/vc_column_text][vc_separator type=&#8221;small&#8221; position=&#8221;center&#8221; color=&#8221;#c29a44&#8243; width=&#8221;36&#8243; up=&#8221;15&#8243; down=&#8221;20&#8243;][vc_column_text]<a  itemprop=\"url\" href=\"http:\/\/www.hotelamiral.com\/en\/rooms-hotel-amiral-paris\/\" target=\"_self\" data-hover-background-color=#ffffff data-hover-border-color=#baa878 data-hover-color=#3e546c class=\"qbutton  small center default\" style=\"color: #ffffff; border-color: #baa878; background-color: #3e546c;\">MORE INFO<\/a><\/p>\n<p><a  itemprop=\"url\" href=\"https:\/\/secure-direct-hotel-booking.com\/module_booking_engine\/index.php?id_etab=04c6b8ffccd0ea051c5753f701a02393&amp;langue=anglais\" target=\"_blank\"  class=\"qbutton  small center default\" style=\"\">BOOK NOW<i class=\"qode_icon_font_awesome fa fa-calendar qode_button_icon_element\" style=\"\" ><\/i><\/a>[\/vc_column_text][\/qode_elements_holder_item][\/qode_elements_holder][\/vc_column][vc_column css_animation=&#8221;slideInUp&#8221; offset=&#8221;vc_col-md-4&#8243; css=&#8221;.vc_custom_1550679712586{padding-right: 10px !important;padding-bottom: 10px !important;padding-left: 10px !important;}&#8221;][qode_elements_holder number_of_columns=&#8221;one_column&#8221;][qode_elements_holder_item item_padding=&#8221;15px&#8221; horizontal_alignment=&#8221;center&#8221; advanced_animations=&#8221;no&#8221; custom_class=&#8221;eh-with-shadow&#8221;][vc_raw_html]JTNDZGl2JTIwY2xhc3MlM0QlMjJ0aXRyZSUyMiUzRSUzQ2gyJTNFJTNDc3BhbiUzRURvdWJsZSUyMHN1cGVyaW9yJTNDJTJGc3BhbiUzRSUzQyUyRmgyJTNFJTNDJTJGZGl2JTNF[\/vc_raw_html][vc_single_image image=&#8221;502&#8243; img_size=&#8221;full&#8221; alignment=&#8221;center&#8221; qode_css_animation=&#8221;&#8221;][vc_empty_space height=&#8221;20px&#8221;][vc_column_text]<\/p>\n<h3>2 people<\/h3>\n<p>[\/vc_column_text][vc_separator type=&#8221;small&#8221; position=&#8221;center&#8221; color=&#8221;#c29a44&#8243; width=&#8221;36&#8243; up=&#8221;15&#8243; down=&#8221;20&#8243;][vc_column_text]<a  itemprop=\"url\" href=\"http:\/\/www.hotelamiral.com\/en\/rooms-hotel-amiral-paris\/\" target=\"_self\" data-hover-background-color=#ffffff data-hover-border-color=#baa878 data-hover-color=#3e546c class=\"qbutton  small center default\" style=\"color: #ffffff; border-color: #baa878; background-color: #3e546c;\">MORE INFO<\/a><\/p>\n<p><a  itemprop=\"url\" href=\"https:\/\/secure-direct-hotel-booking.com\/module_booking_engine\/index.php?id_etab=04c6b8ffccd0ea051c5753f701a02393&amp;langue=anglais\" target=\"_blank\"  class=\"qbutton  small center default\" style=\"\">BOOK NOW<i class=\"qode_icon_font_awesome fa fa-calendar qode_button_icon_element\" style=\"\" ><\/i><\/a>[\/vc_column_text][\/qode_elements_holder_item][\/qode_elements_holder][\/vc_column][vc_column css_animation=&#8221;slideInUp&#8221; offset=&#8221;vc_col-md-4&#8243; css=&#8221;.vc_custom_1550679725924{padding-right: 10px !important;padding-bottom: 10px !important;padding-left: 10px !important;}&#8221;][\/vc_column][\/vc_row]<\/p>\n","protected":false},"excerpt":{"rendered":"<p>[vc_row css_animation=&#8221;&#8221; row_type=&#8221;row&#8221; use_row_as_full_screen_section=&#8221;no&#8221; type=&#8221;full_width&#8221; angled_section=&#8221;no&#8221; text_align=&#8221;left&#8221; background_image_as_pattern=&#8221;without_pattern&#8221; padding_top=&#8221;0px&#8221; z_index=&#8221;&#8221;][vc_column][rev_slider_vc alias=&#8221;home&#8221;][\/vc_column][\/vc_row][vc_row css_animation=&#8221;&#8221; row_type=&#8221;row&#8221; use_row_as_full_screen_section=&#8221;no&#8221; type=&#8221;grid&#8221; angled_section=&#8221;no&#8221; text_align=&#8221;left&#8221; background_image_as_pattern=&#8221;without_pattern&#8221; css=&#8221;.vc_custom_1550678300088{margin-top: 55px !important;}&#8221; z_index=&#8221;&#8221;][vc_column width=&#8221;1\/2&#8243;][vc_single_image image=&#8221;15&#8243; img_size=&#8221;full&#8221; alignment=&#8221;center&#8221; qode_css_animation=&#8221;&#8221;][vc_empty_space height=&#8221;19px&#8221;][vc_raw_html]JTNDZGl2JTIwY2xhc3MlM0QlMjJ0aXRyZSUyMiUzRSUzQ2gyJTNFJTNDc3BhbiUzRVdlbGNvbWUlMjB0byUyMHRoZSUyMEFtaXJhbCUyMEhvdGVsJTNDJTJGc3BhbiUzRSUzQyUyRmgyJTNFJTNDJTJGZGl2JTNF[\/vc_raw_html][vc_empty_space height=&#8221;19px&#8221;][vc_column_text]An ideal hotel for your business trips and family holidays, located between the Eiffel Tower, the Montparnasse&#8230;<\/p>\n","protected":false},"author":1,"featured_media":0,"parent":0,"menu_order":0,"comment_status":"closed","ping_status":"closed","template":"full_width.php","meta":[],"yoast_head":"<!-- This site is optimized with the Yoast SEO plugin v19.9 - https:\/\/yoast.com\/wordpress\/plugins\/seo\/ -->\n<title>The Amiral Hotel - 3 star hotel in Paris near Montparnasse and Eiffel Tower<\/title>\n<meta name=\"description\" content=\"The Hotel Amiral, close to the Eiffel Tower, Montparnasse and Porte de Versailles, it is ideal for business trips and family holidays.\" \/>\n<meta name=\"robots\" content=\"index, follow, max-snippet:-1, max-image-preview:large, max-video-preview:-1\" \/>\n<link rel=\"canonical\" href=\"https:\/\/www.hotelamiral.com\/en\/\" \/>\n<meta property=\"og:locale\" content=\"en_US\" \/>\n<meta property=\"og:type\" content=\"article\" \/>\n<meta property=\"og:title\" content=\"The Amiral Hotel - 3 star hotel in Paris near Montparnasse and Eiffel Tower\" \/>\n<meta property=\"og:description\" content=\"The Hotel Amiral, close to the Eiffel Tower, Montparnasse and Porte de Versailles, it is ideal for business trips and family holidays.\" \/>\n<meta property=\"og:url\" content=\"https:\/\/www.hotelamiral.com\/en\/\" \/>\n<meta property=\"og:site_name\" content=\"H\u00f4tel Amiral\" \/>\n<meta property=\"article:modified_time\" content=\"2024-04-24T11:40:10+00:00\" \/>\n<meta name=\"twitter:card\" content=\"summary_large_image\" \/>\n<meta name=\"twitter:label1\" content=\"Est. reading time\" \/>\n\t<meta name=\"twitter:data1\" content=\"3 minutes\" \/>\n<script type=\"application\/ld+json\" class=\"yoast-schema-graph\">{\"@context\":\"https:\/\/schema.org\",\"@graph\":[{\"@type\":\"WebPage\",\"@id\":\"https:\/\/www.hotelamiral.com\/en\/\",\"url\":\"https:\/\/www.hotelamiral.com\/en\/\",\"name\":\"The Amiral Hotel - 3 star hotel in Paris near Montparnasse and Eiffel Tower\",\"isPartOf\":{\"@id\":\"https:\/\/www.hotelamiral.com\/#website\"},\"datePublished\":\"2019-02-18T16:54:41+00:00\",\"dateModified\":\"2024-04-24T11:40:10+00:00\",\"description\":\"The Hotel Amiral, close to the Eiffel Tower, Montparnasse and Porte de Versailles, it is ideal for business trips and family holidays.\",\"breadcrumb\":{\"@id\":\"https:\/\/www.hotelamiral.com\/en\/#breadcrumb\"},\"inLanguage\":\"en-US\",\"potentialAction\":[{\"@type\":\"ReadAction\",\"target\":[\"https:\/\/www.hotelamiral.com\/en\/\"]}]},{\"@type\":\"BreadcrumbList\",\"@id\":\"https:\/\/www.hotelamiral.com\/en\/#breadcrumb\",\"itemListElement\":[{\"@type\":\"ListItem\",\"position\":1,\"name\":\"Accueil\",\"item\":\"https:\/\/www.hotelamiral.com\/en\/\"},{\"@type\":\"ListItem\",\"position\":2,\"name\":\"Home\"}]},{\"@type\":\"WebSite\",\"@id\":\"https:\/\/www.hotelamiral.com\/#website\",\"url\":\"https:\/\/www.hotelamiral.com\/\",\"name\":\"H\u00f4tel Amiral\",\"description\":\"H\u00f4tel 3 \u00e9toiles entre la Tour Eiffel et la Gare Montparnasse\",\"potentialAction\":[{\"@type\":\"SearchAction\",\"target\":{\"@type\":\"EntryPoint\",\"urlTemplate\":\"https:\/\/www.hotelamiral.com\/?s={search_term_string}\"},\"query-input\":\"required name=search_term_string\"}],\"inLanguage\":\"en-US\"}]}<\/script>\n<!-- \/ Yoast SEO plugin. -->","yoast_head_json":{"title":"The Amiral Hotel - 3 star hotel in Paris near Montparnasse and Eiffel Tower","description":"The Hotel Amiral, close to the Eiffel Tower, Montparnasse and Porte de Versailles, it is ideal for business trips and family holidays.","robots":{"index":"index","follow":"follow","max-snippet":"max-snippet:-1","max-image-preview":"max-image-preview:large","max-video-preview":"max-video-preview:-1"},"canonical":"https:\/\/www.hotelamiral.com\/en\/","og_locale":"en_US","og_type":"article","og_title":"The Amiral Hotel - 3 star hotel in Paris near Montparnasse and Eiffel Tower","og_description":"The Hotel Amiral, close to the Eiffel Tower, Montparnasse and Porte de Versailles, it is ideal for business trips and family holidays.","og_url":"https:\/\/www.hotelamiral.com\/en\/","og_site_name":"H\u00f4tel Amiral","article_modified_time":"2024-04-24T11:40:10+00:00","twitter_card":"summary_large_image","twitter_misc":{"Est. reading time":"3 minutes"},"schema":{"@context":"https:\/\/schema.org","@graph":[{"@type":"WebPage","@id":"https:\/\/www.hotelamiral.com\/en\/","url":"https:\/\/www.hotelamiral.com\/en\/","name":"The Amiral Hotel - 3 star hotel in Paris near Montparnasse and Eiffel Tower","isPartOf":{"@id":"https:\/\/www.hotelamiral.com\/#website"},"datePublished":"2019-02-18T16:54:41+00:00","dateModified":"2024-04-24T11:40:10+00:00","description":"The Hotel Amiral, close to the Eiffel Tower, Montparnasse and Porte de Versailles, it is ideal for business trips and family holidays.","breadcrumb":{"@id":"https:\/\/www.hotelamiral.com\/en\/#breadcrumb"},"inLanguage":"en-US","potentialAction":[{"@type":"ReadAction","target":["https:\/\/www.hotelamiral.com\/en\/"]}]},{"@type":"BreadcrumbList","@id":"https:\/\/www.hotelamiral.com\/en\/#breadcrumb","itemListElement":[{"@type":"ListItem","position":1,"name":"Accueil","item":"https:\/\/www.hotelamiral.com\/en\/"},{"@type":"ListItem","position":2,"name":"Home"}]},{"@type":"WebSite","@id":"https:\/\/www.hotelamiral.com\/#website","url":"https:\/\/www.hotelamiral.com\/","name":"H\u00f4tel Amiral","description":"H\u00f4tel 3 \u00e9toiles entre la Tour Eiffel et la Gare Montparnasse","potentialAction":[{"@type":"SearchAction","target":{"@type":"EntryPoint","urlTemplate":"https:\/\/www.hotelamiral.com\/?s={search_term_string}"},"query-input":"required name=search_term_string"}],"inLanguage":"en-US"}]}},"_links":{"self":[{"href":"https:\/\/www.hotelamiral.com\/en\/wp-json\/wp\/v2\/pages\/163"}],"collection":[{"href":"https:\/\/www.hotelamiral.com\/en\/wp-json\/wp\/v2\/pages"}],"about":[{"href":"https:\/\/www.hotelamiral.com\/en\/wp-json\/wp\/v2\/types\/page"}],"author":[{"embeddable":true,"href":"https:\/\/www.hotelamiral.com\/en\/wp-json\/wp\/v2\/users\/1"}],"replies":[{"embeddable":true,"href":"https:\/\/www.hotelamiral.com\/en\/wp-json\/wp\/v2\/comments?post=163"}],"version-history":[{"count":8,"href":"https:\/\/www.hotelamiral.com\/en\/wp-json\/wp\/v2\/pages\/163\/revisions"}],"predecessor-version":[{"id":526,"href":"https:\/\/www.hotelamiral.com\/en\/wp-json\/wp\/v2\/pages\/163\/revisions\/526"}],"wp:attachment":[{"href":"https:\/\/www.hotelamiral.com\/en\/wp-json\/wp\/v2\/media?parent=163"}],"curies":[{"name":"wp","href":"https:\/\/api.w.org\/{rel}","templated":true}]}}