{"id":161,"date":"2019-02-21T10:44:00","date_gmt":"2019-02-21T09:44:00","guid":{"rendered":"http:\/\/hotelamiral.com\/new\/contact-hotel-amiral-paris-15\/"},"modified":"2019-02-25T08:19:04","modified_gmt":"2019-02-25T07:19:04","slug":"contact-hotel-amiral-paris-15","status":"publish","type":"page","link":"https:\/\/www.hotelamiral.com\/en\/contact-hotel-amiral-paris-15\/","title":{"rendered":"Contact"},"content":{"rendered":"<p>[vc_row css_animation=&#8221;&#8221; row_type=&#8221;row&#8221; use_row_as_full_screen_section=&#8221;no&#8221; type=&#8221;full_width&#8221; angled_section=&#8221;no&#8221; text_align=&#8221;left&#8221; background_image_as_pattern=&#8221;without_pattern&#8221; css=&#8221;.vc_custom_1550740530781{margin-top: 80px !important;}&#8221; z_index=&#8221;&#8221;][vc_column][vc_raw_html]JTNDaWZyYW1lJTIwc3JjJTNEJTIyaHR0cCUzQSUyRiUyRm1hcHMuZ29vZ2xlLmZyJTJGbWFwcyUzRmYlM0RxJTI2YW1wJTNCc291cmNlJTNEc19xJTI2YW1wJTNCaGwlM0RmciUyNmFtcCUzQmdlb2NvZGUlM0QlMjZhbXAlM0JxJTNEJTJCSCUyNUMzJTI1QjR0ZWwlMkJBbWlyYWwlMkMlMkI5MCUyQnJ1ZSUyQmRlJTJCbCUyN0FtaXJhbCUyQlJvdXNzaW4lMkItJTJCNzUwMTUlMkJQYXJpcyUyNmFtcCUzQmFxJTNEJTI2YW1wJTNCc2xsJTNENDguODQ3NzQ5JTJDMi4yOTM4MDclMjZhbXAlM0Jzc3BuJTNEMC4wMTE5MTglMkMwLjAyNzg3NCUyNmFtcCUzQmllJTNEVVRGOCUyNmFtcCUzQmhxJTNESCUyNUMzJTI1QjR0ZWwlMkJBbWlyYWwlMkMlMjZhbXAlM0JobmVhciUzRDkwJTJCUnVlJTJCZGUlMkJsJTI3QW1pcmFsJTJCUm91c3NpbiUyQyUyQjc1MDE1JTJCUGFyaXMlMkMlMkIlMjVDMyUyNThFbGUtZGUtRnJhbmNlJTI2YW1wJTNCdCUzRG0lMjZhbXAlM0JjaWQlM0QxODM2MDg2NjkyNjk0NjgwNzYwNCUyNmFtcCUzQmxsJTNENDguODQ4ODQ2JTJDMi4zMDEwMzUlMjZhbXAlM0JzcG4lM0QwLjAyNTQxNiUyQzAuMDUzMTI5JTI2YW1wJTNCeiUzRDE0JTI2YW1wJTNCaXdsb2MlM0RBJTI2YW1wJTNCb3V0cHV0JTNEZW1iZWQlMjIlMjB3aWR0aCUzRCUyMjEwMCUyNSUyMiUyMGhlaWdodCUzRCUyMjQ1MCUyMiUyMGZyYW1lYm9yZGVyJTNEJTIyMCUyMiUyMG1hcmdpbndpZHRoJTNEJTIyMCUyMiUyMG1hcmdpbmhlaWdodCUzRCUyMjAlMjIlMjBzY3JvbGxpbmclM0QlMjJubyUyMiUzRSUzQyUyRmlmcmFtZSUzRQ==[\/vc_raw_html][\/vc_column][\/vc_row][vc_row css_animation=&#8221;&#8221; row_type=&#8221;row&#8221; use_row_as_full_screen_section=&#8221;no&#8221; type=&#8221;grid&#8221; angled_section=&#8221;no&#8221; text_align=&#8221;left&#8221; background_image_as_pattern=&#8221;without_pattern&#8221; css=&#8221;.vc_custom_1550678300088{margin-top: 55px !important;}&#8221; z_index=&#8221;&#8221;][vc_column width=&#8221;1\/2&#8243;][vc_single_image image=&#8221;15&#8243; img_size=&#8221;full&#8221; alignment=&#8221;center&#8221; qode_css_animation=&#8221;&#8221;][vc_empty_space height=&#8221;19px&#8221;][vc_raw_html]JTNDZGl2JTIwY2xhc3MlM0QlMjJ0aXRyZSUyMiUzRSUzQ2gyJTNFJTNDc3BhbiUzRUNvbnRhY3QlMjB0aGUlMjBIb3RlbCUyMEFtaXJhbCUzQyUyRnNwYW4lM0UlM0MlMkZoMiUzRSUzQyUyRmRpdiUzRQ==[\/vc_raw_html][vc_empty_space height=&#8221;19px&#8221;][vc_column_text]<i class=\"fa fa-home\"><\/i>\u00a090 rue de l&#8217;Amiral Roussin<br \/>\n75015 Paris<br \/>\n<i class=\"fa fa-phone\"><\/i>\u00a0<a>+33 1 48 28 53 89\u00a0<\/a><br \/>\n<i class=\"fa fa-envelope\"><\/i>\u00a0<a href=\"mailto:amiral.hotel@wanadoo.fr\">amiral.hotel@wanadoo.fr<\/a>[\/vc_column_text][\/vc_column][vc_column width=&#8221;1\/2&#8243;][vc_single_image image=&#8221;38&#8243; img_size=&#8221;full&#8221; qode_css_animation=&#8221;&#8221; el_class=&#8221;bordure-img&#8221;][\/vc_column][\/vc_row][vc_row css_animation=&#8221;&#8221; row_type=&#8221;row&#8221; use_row_as_full_screen_section=&#8221;no&#8221; type=&#8221;full_width&#8221; angled_section=&#8221;no&#8221; text_align=&#8221;left&#8221; background_image_as_pattern=&#8221;without_pattern&#8221; css=&#8221;.vc_custom_1551079143448{margin-top: 55px !important;padding-top: 200px !important;padding-bottom: 200px !important;background-image: url(http:\/\/www.hotelamiral.com\/wp-content\/uploads\/2019\/02\/paris-beaugrenelle-1.jpg?id=196) !important;}&#8221; z_index=&#8221;&#8221;][vc_column][\/vc_column][\/vc_row]<\/p>\n","protected":false},"excerpt":{"rendered":"<p>[vc_row css_animation=&#8221;&#8221; row_type=&#8221;row&#8221; use_row_as_full_screen_section=&#8221;no&#8221; type=&#8221;full_width&#8221; angled_section=&#8221;no&#8221; text_align=&#8221;left&#8221; background_image_as_pattern=&#8221;without_pattern&#8221; css=&#8221;.vc_custom_1550740530781{margin-top: 80px !important;}&#8221; z_index=&#8221;&#8221;][vc_column][vc_raw_html]JTNDaWZyYW1lJTIwc3JjJTNEJTIyaHR0cCUzQSUyRiUyRm1hcHMuZ29vZ2xlLmZyJTJGbWFwcyUzRmYlM0RxJTI2YW1wJTNCc291cmNlJTNEc19xJTI2YW1wJTNCaGwlM0RmciUyNmFtcCUzQmdlb2NvZGUlM0QlMjZhbXAlM0JxJTNEJTJCSCUyNUMzJTI1QjR0ZWwlMkJBbWlyYWwlMkMlMkI5MCUyQnJ1ZSUyQmRlJTJCbCUyN0FtaXJhbCUyQlJvdXNzaW4lMkItJTJCNzUwMTUlMkJQYXJpcyUyNmFtcCUzQmFxJTNEJTI2YW1wJTNCc2xsJTNENDguODQ3NzQ5JTJDMi4yOTM4MDclMjZhbXAlM0Jzc3BuJTNEMC4wMTE5MTglMkMwLjAyNzg3NCUyNmFtcCUzQmllJTNEVVRGOCUyNmFtcCUzQmhxJTNESCUyNUMzJTI1QjR0ZWwlMkJBbWlyYWwlMkMlMjZhbXAlM0JobmVhciUzRDkwJTJCUnVlJTJCZGUlMkJsJTI3QW1pcmFsJTJCUm91c3NpbiUyQyUyQjc1MDE1JTJCUGFyaXMlMkMlMkIlMjVDMyUyNThFbGUtZGUtRnJhbmNlJTI2YW1wJTNCdCUzRG0lMjZhbXAlM0JjaWQlM0QxODM2MDg2NjkyNjk0NjgwNzYwNCUyNmFtcCUzQmxsJTNENDguODQ4ODQ2JTJDMi4zMDEwMzUlMjZhbXAlM0JzcG4lM0QwLjAyNTQxNiUyQzAuMDUzMTI5JTI2YW1wJTNCeiUzRDE0JTI2YW1wJTNCaXdsb2MlM0RBJTI2YW1wJTNCb3V0cHV0JTNEZW1iZWQlMjIlMjB3aWR0aCUzRCUyMjEwMCUyNSUyMiUyMGhlaWdodCUzRCUyMjQ1MCUyMiUyMGZyYW1lYm9yZGVyJTNEJTIyMCUyMiUyMG1hcmdpbndpZHRoJTNEJTIyMCUyMiUyMG1hcmdpbmhlaWdodCUzRCUyMjAlMjIlMjBzY3JvbGxpbmclM0QlMjJubyUyMiUzRSUzQyUyRmlmcmFtZSUzRQ==[\/vc_raw_html][\/vc_column][\/vc_row][vc_row css_animation=&#8221;&#8221; row_type=&#8221;row&#8221; use_row_as_full_screen_section=&#8221;no&#8221; type=&#8221;grid&#8221; angled_section=&#8221;no&#8221; text_align=&#8221;left&#8221; background_image_as_pattern=&#8221;without_pattern&#8221; css=&#8221;.vc_custom_1550678300088{margin-top: 55px !important;}&#8221; z_index=&#8221;&#8221;][vc_column width=&#8221;1\/2&#8243;][vc_single_image image=&#8221;15&#8243; img_size=&#8221;full&#8221; alignment=&#8221;center&#8221; qode_css_animation=&#8221;&#8221;][vc_empty_space height=&#8221;19px&#8221;][vc_raw_html]JTNDZGl2JTIwY2xhc3MlM0QlMjJ0aXRyZSUyMiUzRSUzQ2gyJTNFJTNDc3BhbiUzRUNvbnRhY3QlMjB0aGUlMjBIb3RlbCUyMEFtaXJhbCUzQyUyRnNwYW4lM0UlM0MlMkZoMiUzRSUzQyUyRmRpdiUzRQ==[\/vc_raw_html][vc_empty_space height=&#8221;19px&#8221;][vc_column_text]\u00a090 rue de l&#8217;Amiral Roussin 75015 Paris \u00a0+33 1 48 28 53 89\u00a0 \u00a0amiral.hotel@wanadoo.fr[\/vc_column_text][\/vc_column][vc_column width=&#8221;1\/2&#8243;][vc_single_image image=&#8221;38&#8243;&#8230;<\/p>\n","protected":false},"author":1,"featured_media":0,"parent":0,"menu_order":0,"comment_status":"closed","ping_status":"closed","template":"full_width.php","meta":[],"yoast_head":"<!-- This site is optimized with the Yoast SEO plugin v19.9 - https:\/\/yoast.com\/wordpress\/plugins\/seo\/ -->\n<title>Contact the Amiral Hotel - 3 star hotel in Paris near Montparnasse<\/title>\n<meta name=\"description\" content=\"The Hotel Amiral, close to the Eiffel Tower, Montparnasse and Porte de Versailles, it is ideal for business trips and family holidays.\" \/>\n<meta name=\"robots\" content=\"index, follow, max-snippet:-1, max-image-preview:large, max-video-preview:-1\" \/>\n<link rel=\"canonical\" href=\"https:\/\/www.hotelamiral.com\/en\/contact-hotel-amiral-paris-15\/\" \/>\n<meta property=\"og:locale\" content=\"en_US\" \/>\n<meta property=\"og:type\" content=\"article\" \/>\n<meta property=\"og:title\" content=\"Contact the Amiral Hotel - 3 star hotel in Paris near Montparnasse\" \/>\n<meta property=\"og:description\" content=\"The Hotel Amiral, close to the Eiffel Tower, Montparnasse and Porte de Versailles, it is ideal for business trips and family holidays.\" \/>\n<meta property=\"og:url\" content=\"https:\/\/www.hotelamiral.com\/en\/contact-hotel-amiral-paris-15\/\" \/>\n<meta property=\"og:site_name\" content=\"H\u00f4tel Amiral\" \/>\n<meta property=\"article:modified_time\" content=\"2019-02-25T07:19:04+00:00\" \/>\n<meta name=\"twitter:card\" content=\"summary_large_image\" \/>\n<meta name=\"twitter:label1\" content=\"Est. reading time\" \/>\n\t<meta name=\"twitter:data1\" content=\"2 minutes\" \/>\n<script type=\"application\/ld+json\" class=\"yoast-schema-graph\">{\"@context\":\"https:\/\/schema.org\",\"@graph\":[{\"@type\":\"WebPage\",\"@id\":\"https:\/\/www.hotelamiral.com\/en\/contact-hotel-amiral-paris-15\/\",\"url\":\"https:\/\/www.hotelamiral.com\/en\/contact-hotel-amiral-paris-15\/\",\"name\":\"Contact the Amiral Hotel - 3 star hotel in Paris near Montparnasse\",\"isPartOf\":{\"@id\":\"https:\/\/www.hotelamiral.com\/#website\"},\"datePublished\":\"2019-02-21T09:44:00+00:00\",\"dateModified\":\"2019-02-25T07:19:04+00:00\",\"description\":\"The Hotel Amiral, close to the Eiffel Tower, Montparnasse and Porte de Versailles, it is ideal for business trips and family holidays.\",\"breadcrumb\":{\"@id\":\"https:\/\/www.hotelamiral.com\/en\/contact-hotel-amiral-paris-15\/#breadcrumb\"},\"inLanguage\":\"en-US\",\"potentialAction\":[{\"@type\":\"ReadAction\",\"target\":[\"https:\/\/www.hotelamiral.com\/en\/contact-hotel-amiral-paris-15\/\"]}]},{\"@type\":\"BreadcrumbList\",\"@id\":\"https:\/\/www.hotelamiral.com\/en\/contact-hotel-amiral-paris-15\/#breadcrumb\",\"itemListElement\":[{\"@type\":\"ListItem\",\"position\":1,\"name\":\"Accueil\",\"item\":\"https:\/\/www.hotelamiral.com\/en\/\"},{\"@type\":\"ListItem\",\"position\":2,\"name\":\"Contact\"}]},{\"@type\":\"WebSite\",\"@id\":\"https:\/\/www.hotelamiral.com\/#website\",\"url\":\"https:\/\/www.hotelamiral.com\/\",\"name\":\"H\u00f4tel Amiral\",\"description\":\"H\u00f4tel 3 \u00e9toiles entre la Tour Eiffel et la Gare Montparnasse\",\"potentialAction\":[{\"@type\":\"SearchAction\",\"target\":{\"@type\":\"EntryPoint\",\"urlTemplate\":\"https:\/\/www.hotelamiral.com\/?s={search_term_string}\"},\"query-input\":\"required name=search_term_string\"}],\"inLanguage\":\"en-US\"}]}<\/script>\n<!-- \/ Yoast SEO plugin. -->","yoast_head_json":{"title":"Contact the Amiral Hotel - 3 star hotel in Paris near Montparnasse","description":"The Hotel Amiral, close to the Eiffel Tower, Montparnasse and Porte de Versailles, it is ideal for business trips and family holidays.","robots":{"index":"index","follow":"follow","max-snippet":"max-snippet:-1","max-image-preview":"max-image-preview:large","max-video-preview":"max-video-preview:-1"},"canonical":"https:\/\/www.hotelamiral.com\/en\/contact-hotel-amiral-paris-15\/","og_locale":"en_US","og_type":"article","og_title":"Contact the Amiral Hotel - 3 star hotel in Paris near Montparnasse","og_description":"The Hotel Amiral, close to the Eiffel Tower, Montparnasse and Porte de Versailles, it is ideal for business trips and family holidays.","og_url":"https:\/\/www.hotelamiral.com\/en\/contact-hotel-amiral-paris-15\/","og_site_name":"H\u00f4tel Amiral","article_modified_time":"2019-02-25T07:19:04+00:00","twitter_card":"summary_large_image","twitter_misc":{"Est. reading time":"2 minutes"},"schema":{"@context":"https:\/\/schema.org","@graph":[{"@type":"WebPage","@id":"https:\/\/www.hotelamiral.com\/en\/contact-hotel-amiral-paris-15\/","url":"https:\/\/www.hotelamiral.com\/en\/contact-hotel-amiral-paris-15\/","name":"Contact the Amiral Hotel - 3 star hotel in Paris near Montparnasse","isPartOf":{"@id":"https:\/\/www.hotelamiral.com\/#website"},"datePublished":"2019-02-21T09:44:00+00:00","dateModified":"2019-02-25T07:19:04+00:00","description":"The Hotel Amiral, close to the Eiffel Tower, Montparnasse and Porte de Versailles, it is ideal for business trips and family holidays.","breadcrumb":{"@id":"https:\/\/www.hotelamiral.com\/en\/contact-hotel-amiral-paris-15\/#breadcrumb"},"inLanguage":"en-US","potentialAction":[{"@type":"ReadAction","target":["https:\/\/www.hotelamiral.com\/en\/contact-hotel-amiral-paris-15\/"]}]},{"@type":"BreadcrumbList","@id":"https:\/\/www.hotelamiral.com\/en\/contact-hotel-amiral-paris-15\/#breadcrumb","itemListElement":[{"@type":"ListItem","position":1,"name":"Accueil","item":"https:\/\/www.hotelamiral.com\/en\/"},{"@type":"ListItem","position":2,"name":"Contact"}]},{"@type":"WebSite","@id":"https:\/\/www.hotelamiral.com\/#website","url":"https:\/\/www.hotelamiral.com\/","name":"H\u00f4tel Amiral","description":"H\u00f4tel 3 \u00e9toiles entre la Tour Eiffel et la Gare Montparnasse","potentialAction":[{"@type":"SearchAction","target":{"@type":"EntryPoint","urlTemplate":"https:\/\/www.hotelamiral.com\/?s={search_term_string}"},"query-input":"required name=search_term_string"}],"inLanguage":"en-US"}]}},"_links":{"self":[{"href":"https:\/\/www.hotelamiral.com\/en\/wp-json\/wp\/v2\/pages\/161"}],"collection":[{"href":"https:\/\/www.hotelamiral.com\/en\/wp-json\/wp\/v2\/pages"}],"about":[{"href":"https:\/\/www.hotelamiral.com\/en\/wp-json\/wp\/v2\/types\/page"}],"author":[{"embeddable":true,"href":"https:\/\/www.hotelamiral.com\/en\/wp-json\/wp\/v2\/users\/1"}],"replies":[{"embeddable":true,"href":"https:\/\/www.hotelamiral.com\/en\/wp-json\/wp\/v2\/comments?post=161"}],"version-history":[{"count":2,"href":"https:\/\/www.hotelamiral.com\/en\/wp-json\/wp\/v2\/pages\/161\/revisions"}],"predecessor-version":[{"id":199,"href":"https:\/\/www.hotelamiral.com\/en\/wp-json\/wp\/v2\/pages\/161\/revisions\/199"}],"wp:attachment":[{"href":"https:\/\/www.hotelamiral.com\/en\/wp-json\/wp\/v2\/media?parent=161"}],"curies":[{"name":"wp","href":"https:\/\/api.w.org\/{rel}","templated":true}]}}